{"id":1775,"date":"2020-03-21T19:23:59","date_gmt":"2020-03-21T18:23:59","guid":{"rendered":"https:\/\/ho-pongo.bzh\/ar-roudouz\/?page_id=1775"},"modified":"2020-05-07T11:47:53","modified_gmt":"2020-05-07T09:47:53","slug":"la-fleur-au-fusil","status":"publish","type":"page","link":"https:\/\/ho-pongo.bzh\/ar-roudouz\/la-fleur-au-fusil\/","title":{"rendered":"La fleur au fusil"},"content":{"rendered":"\t\t<div data-elementor-type=\"wp-post\" data-elementor-id=\"1775\" class=\"elementor elementor-1775\" data-elementor-settings=\"[]\">\n\t\t\t\t\t\t<div class=\"elementor-inner\">\n\t\t\t\t\t\t\t<div class=\"elementor-section-wrap\">\n\t\t\t\t\t\t\t<section class=\"elementor-section elementor-top-section elementor-element elementor-element-b2e5b86 elementor-section-height-min-height elementor-section-items-top elementor-section-content-top elementor-section-boxed elementor-section-height-default\" data-id=\"b2e5b86\" data-element_type=\"section\">\n\t\t\t\t\t\t<div class=\"elementor-container elementor-column-gap-default\">\n\t\t\t\t\t\t\t<div class=\"elementor-row\">\n\t\t\t\t\t<div class=\"elementor-column elementor-col-66 elementor-top-column elementor-element elementor-element-d53ccfc\" data-id=\"d53ccfc\" data-element_type=\"column\">\n\t\t\t<div class=\"elementor-column-wrap elementor-element-populated\">\n\t\t\t\t\t\t\t<div class=\"elementor-widget-wrap\">\n\t\t\t\t\t\t<div class=\"elementor-element elementor-element-4b5e61f elementor-widget elementor-widget-image\" data-id=\"4b5e61f\" data-element_type=\"widget\" data-widget_type=\"image.default\">\n\t\t\t\t<div class=\"elementor-widget-container\">\n\t\t\t\t\t<div class=\"elementor-image\">\n\t\t\t\t\t\t\t\t\t\t<img width=\"819\" height=\"208\" src=\"https:\/\/ho-pongo.bzh\/ar-roudouz\/wp-content\/uploads\/2020\/03\/entree-fleur2020-01-1024x260.jpg\" class=\"attachment-large size-large\" alt=\"\" loading=\"lazy\" srcset=\"https:\/\/ho-pongo.bzh\/ar-roudouz\/wp-content\/uploads\/2020\/03\/entree-fleur2020-01-1024x260.jpg 1024w, https:\/\/ho-pongo.bzh\/ar-roudouz\/wp-content\/uploads\/2020\/03\/entree-fleur2020-01-300x76.jpg 300w, https:\/\/ho-pongo.bzh\/ar-roudouz\/wp-content\/uploads\/2020\/03\/entree-fleur2020-01-768x195.jpg 768w, https:\/\/ho-pongo.bzh\/ar-roudouz\/wp-content\/uploads\/2020\/03\/entree-fleur2020-01.jpg 1180w\" sizes=\"(max-width: 819px) 100vw, 819px\" \/>\t\t\t\t\t\t\t\t\t\t\t<\/div>\n\t\t\t\t<\/div>\n\t\t\t\t<\/div>\n\t\t\t\t<div class=\"elementor-element elementor-element-ea6ddda elementor-widget elementor-widget-heading\" data-id=\"ea6ddda\" data-element_type=\"widget\" data-widget_type=\"heading.default\">\n\t\t\t\t<div class=\"elementor-widget-container\">\n\t\t\t<h1 class=\"elementor-heading-title elementor-size-default\">La fleur au fusil<\/h1>\t\t<\/div>\n\t\t\t\t<\/div>\n\t\t\t\t<div class=\"elementor-element elementor-element-587859b elementor-widget elementor-widget-html\" data-id=\"587859b\" data-element_type=\"widget\" data-widget_type=\"html.default\">\n\t\t\t\t<div class=\"elementor-widget-container\">\n\t\t\t<img class=\"float-left\" src=\"https:\/\/ho-pongo.bzh\/ar-roudouz\/wp-content\/uploads\/2020\/03\/vign-fleur-fusil-2020-150x150.jpg\">\n<p>\n<strong><em>La fleur au fusil<\/em>, sous-titr\u00e9 \"Nutrition, sant\u00e9, climat : la science des plantes pour sauver l'homme\", est un ouvrage de Georges Oxley. Il a \u00e9t\u00e9 \u00e9dit\u00e9 en 2016 aux \u00e9ditions Alternatives.<\/strong><\/p>\n<p>\nG. Oxley est biologiste, passionn\u00e9 par les plantes, leur rapport au sol et \u00e0 nos civilisations. Il est aussi l'auteur, en collaboration avec G\u00e9rard Ducerf, du <em>Manifeste gourmand des herbes folles<\/em> (Ed. du Toucan, 2013).<\/p>\n<p>\nC'est un livre passionnant qui nous apprend comment, par le pass\u00e9 et dans les moments les plus difficiles, les hommes ont pu survivre en mettant \u00e0 profit leurs connaissances des plantes et de leurs vertus. C'est ce qui inspire le titre de cette section, c'est de circonstance.<\/p>\n<p>\nConfin\u00e9 comme tout le monde, je respecte les consignes au 4e \u00e9tage d'un immeuble quimp\u00e9rois. J'ai peu de place pour me livrer \u00e0 de formidables exp\u00e9riences culinaires.<\/p>\n<p>\nJe fais ce que je peux, avec peu.<\/p>\n<p>\nJe rappelle aussi ici que <b>de nombreuses plantes sauvages sont prot\u00e9g\u00e9es ou en voie de disparition<\/b>. On ne cueille pas sans consid\u00e9ration, ni sans permettre \u00e0 la plante de se reproduire.\n<b>De nombreuses plantes sauvages sont aussi toxiques<\/b>.<\/p>\n<p>\nCe blog n'est pas un encouragement \u00e0 faire n'importe quoi... comme pour les champignons. Et puis m\u00eame les plantes comestibles sont gonfl\u00e9es de m\u00e9taux lourds et de pesticides... parfois bien plus dangereux, \u00e0 long terme.<\/p>\n\n\n<\/p>\t\t<\/div>\n\t\t\t\t<\/div>\n\t\t\t\t\t\t<\/div>\n\t\t\t\t\t<\/div>\n\t\t<\/div>\n\t\t\t\t<div class=\"elementor-column elementor-col-33 elementor-top-column elementor-element elementor-element-903fa77\" data-id=\"903fa77\" data-element_type=\"column\">\n\t\t\t<div class=\"elementor-column-wrap elementor-element-populated\">\n\t\t\t\t\t\t\t<div class=\"elementor-widget-wrap\">\n\t\t\t\t\t\t<div class=\"elementor-element elementor-element-f40176a elementor-widget elementor-widget-wp-widget-category-posts\" data-id=\"f40176a\" data-element_type=\"widget\" data-widget_type=\"wp-widget-category-posts.default\">\n\t\t\t\t<div class=\"elementor-widget-container\">\n\t\t\t<h5>Les articles r\u00e9cents<\/h5><ul id=\"category-posts-REPLACE_TO_ID-internal\" class=\"category-posts-internal\">\n<li class='cat-post-item'><div><a class=\"cat-post-title\" href=\"https:\/\/ho-pongo.bzh\/ar-roudouz\/lasagnes-de-berce\/\" rel=\"bookmark\">Lasagnes de berce<\/a>\r<\/div><div>\n<!----><\/div><\/li><\/ul>\n\t\t<\/div>\n\t\t\t\t<\/div>\n\t\t\t\t<div class=\"elementor-element elementor-element-0471ed9 elementor-widget elementor-widget-wp-widget-category-posts\" data-id=\"0471ed9\" data-element_type=\"widget\" data-widget_type=\"wp-widget-category-posts.default\">\n\t\t\t\t<div class=\"elementor-widget-container\">\n\t\t\t<h5>Les articles pr\u00e9c\u00e9dents<\/h5><ul id=\"category-posts-REPLACE_TO_ID-internal\" class=\"category-posts-internal\">\n<\/ul>\n\t\t<\/div>\n\t\t\t\t<\/div>\n\t\t\t\t\t\t<\/div>\n\t\t\t\t\t<\/div>\n\t\t<\/div>\n\t\t\t\t\t\t\t\t<\/div>\n\t\t\t\t\t<\/div>\n\t\t<\/section>\n\t\t\t\t\t\t<\/div>\n\t\t\t\t\t\t<\/div>\n\t\t\t\t\t<\/div>\n\t\t","protected":false},"excerpt":{"rendered":"<p>La fleur au fusil La fleur au fusil, sous-titr\u00e9 \u00ab\u00a0Nutrition, sant\u00e9, climat : la science des plantes pour sauver l&rsquo;homme\u00a0\u00bb, est un ouvrage de Georges [&hellip;]<\/p>\n","protected":false},"author":1,"featured_media":0,"parent":0,"menu_order":0,"comment_status":"closed","ping_status":"closed","template":"elementor_header_footer","meta":{"spay_email":""},"yoast_head":"<!-- This site is optimized with the Yoast SEO plugin v15.2.1 - https:\/\/yoast.com\/wordpress\/plugins\/seo\/ -->\n<title>La fleur au fusil - Ar Roudouz<\/title>\n<meta name=\"robots\" content=\"index, follow, max-snippet:-1, max-image-preview:large, max-video-preview:-1\" \/>\n<link rel=\"canonical\" href=\"https:\/\/ho-pongo.bzh\/ar-roudouz\/la-fleur-au-fusil\/\" \/>\n<meta property=\"og:locale\" content=\"fr_FR\" \/>\n<meta property=\"og:type\" content=\"article\" \/>\n<meta property=\"og:title\" content=\"La fleur au fusil - Ar Roudouz\" \/>\n<meta property=\"og:description\" content=\"La fleur au fusil La fleur au fusil, sous-titr\u00e9 \u00ab\u00a0Nutrition, sant\u00e9, climat : la science des plantes pour sauver l&rsquo;homme\u00a0\u00bb, est un ouvrage de Georges [&hellip;]\" \/>\n<meta property=\"og:url\" content=\"https:\/\/ho-pongo.bzh\/ar-roudouz\/la-fleur-au-fusil\/\" \/>\n<meta property=\"og:site_name\" content=\"Ar Roudouz\" \/>\n<meta property=\"article:modified_time\" content=\"2020-05-07T09:47:53+00:00\" \/>\n<meta property=\"og:image\" content=\"https:\/\/ho-pongo.bzh\/ar-roudouz\/wp-content\/uploads\/2020\/03\/entree-fleur2020-01-1024x260.jpg\" \/>\n<meta name=\"twitter:card\" content=\"summary_large_image\" \/>\n<meta name=\"twitter:label1\" content=\"\u00c9crit par\">\n\t<meta name=\"twitter:data1\" content=\"Laurent\">\n\t<meta name=\"twitter:label2\" content=\"Dur\u00e9e de lecture est.\">\n\t<meta name=\"twitter:data2\" content=\"1 minute\">\n<script type=\"application\/ld+json\" class=\"yoast-schema-graph\">{\"@context\":\"https:\/\/schema.org\",\"@graph\":[{\"@type\":\"WebSite\",\"@id\":\"https:\/\/ho-pongo.bzh\/ar-roudouz\/#website\",\"url\":\"https:\/\/ho-pongo.bzh\/ar-roudouz\/\",\"name\":\"Ar Roudouz\",\"description\":\"Butinages, passages et travers\\u00e9es\",\"potentialAction\":[{\"@type\":\"SearchAction\",\"target\":\"https:\/\/ho-pongo.bzh\/ar-roudouz\/?s={search_term_string}\",\"query-input\":\"required name=search_term_string\"}],\"inLanguage\":\"fr-FR\"},{\"@type\":\"ImageObject\",\"@id\":\"https:\/\/ho-pongo.bzh\/ar-roudouz\/la-fleur-au-fusil\/#primaryimage\",\"inLanguage\":\"fr-FR\",\"url\":\"https:\/\/ho-pongo.bzh\/ar-roudouz\/wp-content\/uploads\/2020\/03\/entree-fleur2020-01.jpg\",\"width\":1180,\"height\":300},{\"@type\":\"WebPage\",\"@id\":\"https:\/\/ho-pongo.bzh\/ar-roudouz\/la-fleur-au-fusil\/#webpage\",\"url\":\"https:\/\/ho-pongo.bzh\/ar-roudouz\/la-fleur-au-fusil\/\",\"name\":\"La fleur au fusil - Ar Roudouz\",\"isPartOf\":{\"@id\":\"https:\/\/ho-pongo.bzh\/ar-roudouz\/#website\"},\"primaryImageOfPage\":{\"@id\":\"https:\/\/ho-pongo.bzh\/ar-roudouz\/la-fleur-au-fusil\/#primaryimage\"},\"datePublished\":\"2020-03-21T18:23:59+00:00\",\"dateModified\":\"2020-05-07T09:47:53+00:00\",\"inLanguage\":\"fr-FR\",\"potentialAction\":[{\"@type\":\"ReadAction\",\"target\":[\"https:\/\/ho-pongo.bzh\/ar-roudouz\/la-fleur-au-fusil\/\"]}]}]}<\/script>\n<!-- \/ Yoast SEO plugin. -->","_links":{"self":[{"href":"https:\/\/ho-pongo.bzh\/ar-roudouz\/wp-json\/wp\/v2\/pages\/1775"}],"collection":[{"href":"https:\/\/ho-pongo.bzh\/ar-roudouz\/wp-json\/wp\/v2\/pages"}],"about":[{"href":"https:\/\/ho-pongo.bzh\/ar-roudouz\/wp-json\/wp\/v2\/types\/page"}],"author":[{"embeddable":true,"href":"https:\/\/ho-pongo.bzh\/ar-roudouz\/wp-json\/wp\/v2\/users\/1"}],"replies":[{"embeddable":true,"href":"https:\/\/ho-pongo.bzh\/ar-roudouz\/wp-json\/wp\/v2\/comments?post=1775"}],"version-history":[{"count":0,"href":"https:\/\/ho-pongo.bzh\/ar-roudouz\/wp-json\/wp\/v2\/pages\/1775\/revisions"}],"wp:attachment":[{"href":"https:\/\/ho-pongo.bzh\/ar-roudouz\/wp-json\/wp\/v2\/media?parent=1775"}],"curies":[{"name":"wp","href":"https:\/\/api.w.org\/{rel}","templated":true}]}}