{"id":298,"date":"2019-02-03T18:40:59","date_gmt":"2019-02-03T17:40:59","guid":{"rendered":"https:\/\/ho-pongo.bzh\/ar-roudouz\/?page_id=298"},"modified":"2024-06-24T16:40:33","modified_gmt":"2024-06-24T14:40:33","slug":"roumanie-2012","status":"publish","type":"page","link":"https:\/\/ho-pongo.bzh\/ar-roudouz\/voyages\/roumanie-2012\/","title":{"rendered":"Roumanie 2012"},"content":{"rendered":"\t\t<div data-elementor-type=\"wp-post\" data-elementor-id=\"298\" class=\"elementor elementor-298\" data-elementor-settings=\"[]\">\n\t\t\t\t\t\t<div class=\"elementor-inner\">\n\t\t\t\t\t\t\t<div class=\"elementor-section-wrap\">\n\t\t\t\t\t\t\t<section class=\"elementor-section elementor-top-section elementor-element elementor-element-63aeb52 elementor-section-height-min-height elementor-section-items-top elementor-section-content-top elementor-section-boxed elementor-section-height-default\" data-id=\"63aeb52\" data-element_type=\"section\">\n\t\t\t\t\t\t<div class=\"elementor-container elementor-column-gap-default\">\n\t\t\t\t\t\t\t<div class=\"elementor-row\">\n\t\t\t\t\t<div class=\"elementor-column elementor-col-66 elementor-top-column elementor-element elementor-element-51805e5\" data-id=\"51805e5\" data-element_type=\"column\">\n\t\t\t<div class=\"elementor-column-wrap elementor-element-populated\">\n\t\t\t\t\t\t\t<div class=\"elementor-widget-wrap\">\n\t\t\t\t\t\t<div class=\"elementor-element elementor-element-90c591c elementor-widget elementor-widget-image\" data-id=\"90c591c\" data-element_type=\"widget\" data-widget_type=\"image.default\">\n\t\t\t\t<div class=\"elementor-widget-container\">\n\t\t\t\t\t<div class=\"elementor-image\">\n\t\t\t\t\t\t\t\t\t\t<img width=\"819\" height=\"208\" src=\"https:\/\/ho-pongo.bzh\/ar-roudouz\/wp-content\/uploads\/2020\/01\/entree-roumanie2012-01-1024x260.jpg\" class=\"attachment-large size-large\" alt=\"\" loading=\"lazy\" srcset=\"https:\/\/ho-pongo.bzh\/ar-roudouz\/wp-content\/uploads\/2020\/01\/entree-roumanie2012-01-1024x260.jpg 1024w, https:\/\/ho-pongo.bzh\/ar-roudouz\/wp-content\/uploads\/2020\/01\/entree-roumanie2012-01-300x76.jpg 300w, https:\/\/ho-pongo.bzh\/ar-roudouz\/wp-content\/uploads\/2020\/01\/entree-roumanie2012-01-768x195.jpg 768w, https:\/\/ho-pongo.bzh\/ar-roudouz\/wp-content\/uploads\/2020\/01\/entree-roumanie2012-01.jpg 1180w\" sizes=\"(max-width: 819px) 100vw, 819px\" \/>\t\t\t\t\t\t\t\t\t\t\t<\/div>\n\t\t\t\t<\/div>\n\t\t\t\t<\/div>\n\t\t\t\t<div class=\"elementor-element elementor-element-dee22bc elementor-widget elementor-widget-heading\" data-id=\"dee22bc\" data-element_type=\"widget\" data-widget_type=\"heading.default\">\n\t\t\t\t<div class=\"elementor-widget-container\">\n\t\t\t<h1 class=\"elementor-heading-title elementor-size-default\">Roumanie 2012, <br><span class=\"sous-titre-page\">Oradea, Cluj<\/span><\/h1>\t\t<\/div>\n\t\t\t\t<\/div>\n\t\t\t\t<div class=\"elementor-element elementor-element-109040a grid-est-90-01 elementor-widget elementor-widget-wp-widget-hootkit-posts-blocks\" data-id=\"109040a\" data-element_type=\"widget\" data-widget_type=\"wp-widget-hootkit-posts-blocks.default\">\n\t\t\t\t<div class=\"elementor-widget-container\">\n\t\t\t\n<div class=\"content-blocks-widget-wrap content-blocks-posts topborder-none bottomborder-none\">\n\t<div class=\"content-blocks-widget\">\n\n\t\t\n\t\t<div class=\"flush-columns\">\n\t\t\t<div class=\"content-block-row\">\n\t\t\t\t\t\t\t<div class=\"content-block-column hcolumn-1-2 content-block-1 content-block-style2 hasvisual visual-image\">\n\t\t\t\t\t\t\t\t<div class=\"content-block no-highlight\">\n\n\t\t\t\t\t\t\t\t\t\t\t\t\t\t\t\t\t\t\t<div class=\"content-block-visual content-block-image\">\n\t\t\t\t\t\t\t\t\t\t\t<a href=\"https:\/\/ho-pongo.bzh\/ar-roudouz\/oradea-a-la-recherche-de-la-skyline\/\" class=\"content-posts-blocks-link\"><div class=\"entry-featured-img-wrap\"><img width=\"800\" height=\"535\" src=\"https:\/\/ho-pongo.bzh\/ar-roudouz\/wp-content\/uploads\/2024\/06\/skyline-01.jpg\" class=\"attachment-full content-block-img  wp-post-image\" alt=\"\" loading=\"lazy\" itemscope=\"\" srcset=\"https:\/\/ho-pongo.bzh\/ar-roudouz\/wp-content\/uploads\/2024\/06\/skyline-01.jpg 800w, https:\/\/ho-pongo.bzh\/ar-roudouz\/wp-content\/uploads\/2024\/06\/skyline-01-300x201.jpg 300w, https:\/\/ho-pongo.bzh\/ar-roudouz\/wp-content\/uploads\/2024\/06\/skyline-01-768x514.jpg 768w, https:\/\/ho-pongo.bzh\/ar-roudouz\/wp-content\/uploads\/2024\/06\/skyline-01-350x234.jpg 350w\" sizes=\"(max-width: 800px) 100vw, 800px\" \/><\/div><\/a>\t\t\t\t\t\t\t\t\t\t<\/div>\n\t\t\t\t\t\t\t\t\t\n\t\t\t\t\t\t\t\t\t<div class=\"content-block-content content-block-content-hasimage\">\n\t\t\t\t\t\t\t\t\t\t\t\t\t\t\t\t\t\t\t\t<h4 class=\"content-block-title\"><a href=\"https:\/\/ho-pongo.bzh\/ar-roudouz\/oradea-a-la-recherche-de-la-skyline\/\" class=\"content-posts-blocks-link\">Oradea, <br>\u00e0 la recherche de la skyline<\/a><\/h4>\n\t\t\t\t\t\t\t\t\t\t\t\t\t\t\t\t\t\t\t\t<div class=\"content-block-text\"><p>La \u00ab\u00a0skyline\u00a0\u00bb est l&rsquo;horizon de la ville, la repr\u00e9sentation graphique de sa [&hellip;]<\/p>\n<\/div>\t\t\t\t\t\t\t\t\t<\/div>\n\n\t\t\t\t\t\t\t\t<\/div>\n\t\t\t\t\t\t\t\t\t\t\t\t\t\t\t<\/div>\n\t\t\t\t\t\t\t<div class=\"content-block-column hcolumn-1-2 content-block-2 content-block-style2 hasvisual visual-image\">\n\t\t\t\t\t\t\t\t<div class=\"content-block no-highlight\">\n\n\t\t\t\t\t\t\t\t\t\t\t\t\t\t\t\t\t\t\t<div class=\"content-block-visual content-block-image\">\n\t\t\t\t\t\t\t\t\t\t\t<a href=\"https:\/\/ho-pongo.bzh\/ar-roudouz\/la-synagogue-neologue-sion-oradea\/\" class=\"content-posts-blocks-link\"><div class=\"entry-featured-img-wrap\"><img width=\"800\" height=\"535\" src=\"https:\/\/ho-pongo.bzh\/ar-roudouz\/wp-content\/uploads\/2024\/06\/synagogue-08.jpg\" class=\"attachment-full content-block-img  wp-post-image\" alt=\"Synagogue n\u00e9ologue d&#039;Oradea.\" loading=\"lazy\" itemscope=\"\" srcset=\"https:\/\/ho-pongo.bzh\/ar-roudouz\/wp-content\/uploads\/2024\/06\/synagogue-08.jpg 800w, https:\/\/ho-pongo.bzh\/ar-roudouz\/wp-content\/uploads\/2024\/06\/synagogue-08-300x201.jpg 300w, https:\/\/ho-pongo.bzh\/ar-roudouz\/wp-content\/uploads\/2024\/06\/synagogue-08-768x514.jpg 768w, https:\/\/ho-pongo.bzh\/ar-roudouz\/wp-content\/uploads\/2024\/06\/synagogue-08-350x234.jpg 350w\" sizes=\"(max-width: 800px) 100vw, 800px\" \/><\/div><\/a>\t\t\t\t\t\t\t\t\t\t<\/div>\n\t\t\t\t\t\t\t\t\t\n\t\t\t\t\t\t\t\t\t<div class=\"content-block-content content-block-content-hasimage\">\n\t\t\t\t\t\t\t\t\t\t\t\t\t\t\t\t\t\t\t\t<h4 class=\"content-block-title\"><a href=\"https:\/\/ho-pongo.bzh\/ar-roudouz\/la-synagogue-neologue-sion-oradea\/\" class=\"content-posts-blocks-link\">La synagogue Neologue Sion <br>d&rsquo;Oradea<\/a><\/h4>\n\t\t\t\t\t\t\t\t\t\t\t\t\t\t\t\t\t\t\t\t<div class=\"content-block-text\"><p>Situ\u00e9e sur la rive sud du Cri\u0219, proche du centre-ville, la synagogue [&hellip;]<\/p>\n<\/div>\t\t\t\t\t\t\t\t\t<\/div>\n\n\t\t\t\t\t\t\t\t<\/div>\n\t\t\t\t\t\t\t\t\t\t\t\t\t\t\t<\/div><\/div>\t\t<\/div>\n\n\t\t\n\t<\/div>\n<\/div>\n\n\t\t<\/div>\n\t\t\t\t<\/div>\n\t\t\t\t<div class=\"elementor-element elementor-element-3c75667 grid-est-90-02 elementor-widget elementor-widget-wp-widget-hootkit-posts-blocks\" data-id=\"3c75667\" data-element_type=\"widget\" data-widget_type=\"wp-widget-hootkit-posts-blocks.default\">\n\t\t\t\t<div class=\"elementor-widget-container\">\n\t\t\t\n<div class=\"content-blocks-widget-wrap content-blocks-posts topborder-none bottomborder-none\">\n\t<div class=\"content-blocks-widget\">\n\n\t\t\n\t\t<div class=\"flush-columns\">\n\t\t\t<div class=\"content-block-row\">\n\t\t\t\t\t\t\t<div class=\"content-block-column hcolumn-1-3 content-block-1 content-block-style2 hasvisual visual-image\">\n\t\t\t\t\t\t\t\t<div class=\"content-block no-highlight\">\n\n\t\t\t\t\t\t\t\t\t\t\t\t\t\t\t\t\t\t\t<div class=\"content-block-visual content-block-image\">\n\t\t\t\t\t\t\t\t\t\t\t<a href=\"https:\/\/ho-pongo.bzh\/ar-roudouz\/carre-sovietique-cimetiere-de-cluj-2012\/\" class=\"content-posts-blocks-link\"><div class=\"entry-featured-img-wrap\"><img width=\"800\" height=\"535\" src=\"https:\/\/ho-pongo.bzh\/ar-roudouz\/wp-content\/uploads\/2022\/03\/soviet-cluj-02.jpg\" class=\"attachment-full content-block-img  wp-post-image\" alt=\"\" loading=\"lazy\" itemscope=\"\" srcset=\"https:\/\/ho-pongo.bzh\/ar-roudouz\/wp-content\/uploads\/2022\/03\/soviet-cluj-02.jpg 800w, https:\/\/ho-pongo.bzh\/ar-roudouz\/wp-content\/uploads\/2022\/03\/soviet-cluj-02-300x201.jpg 300w, https:\/\/ho-pongo.bzh\/ar-roudouz\/wp-content\/uploads\/2022\/03\/soviet-cluj-02-768x514.jpg 768w, https:\/\/ho-pongo.bzh\/ar-roudouz\/wp-content\/uploads\/2022\/03\/soviet-cluj-02-350x234.jpg 350w\" sizes=\"(max-width: 800px) 100vw, 800px\" \/><\/div><\/a>\t\t\t\t\t\t\t\t\t\t<\/div>\n\t\t\t\t\t\t\t\t\t\n\t\t\t\t\t\t\t\t\t<div class=\"content-block-content content-block-content-hasimage\">\n\t\t\t\t\t\t\t\t\t\t\t\t\t\t\t\t\t\t\t\t<h4 class=\"content-block-title\"><a href=\"https:\/\/ho-pongo.bzh\/ar-roudouz\/carre-sovietique-cimetiere-de-cluj-2012\/\" class=\"content-posts-blocks-link\">Carr\u00e9 sovi\u00e9tique, <br>cimeti\u00e8re de Cluj<\/a><\/h4>\n\t\t\t\t\t\t\t\t\t\t\t\t\t\t\t\t\t\t\t\t\t\t\t\t\t\t\t\t\t<\/div>\n\n\t\t\t\t\t\t\t\t<\/div>\n\t\t\t\t\t\t\t\t\t\t\t\t\t\t\t<\/div>\n\t\t\t\t\t\t\t<div class=\"content-block-column hcolumn-1-3 content-block-2 content-block-style2 hasvisual visual-image\">\n\t\t\t\t\t\t\t\t<div class=\"content-block no-highlight\">\n\n\t\t\t\t\t\t\t\t\t\t\t\t\t\t\t\t\t\t\t<div class=\"content-block-visual content-block-image\">\n\t\t\t\t\t\t\t\t\t\t\t<a href=\"https:\/\/ho-pongo.bzh\/ar-roudouz\/amour-2\/\" class=\"content-posts-blocks-link\"><div class=\"entry-featured-img-wrap\"><img width=\"282\" height=\"283\" src=\"https:\/\/ho-pongo.bzh\/ar-roudouz\/wp-content\/uploads\/2020\/02\/amour-600x283-00.jpg\" class=\"attachment-full content-block-img  wp-post-image\" alt=\"\" loading=\"lazy\" itemscope=\"\" srcset=\"https:\/\/ho-pongo.bzh\/ar-roudouz\/wp-content\/uploads\/2020\/02\/amour-600x283-00.jpg 282w, https:\/\/ho-pongo.bzh\/ar-roudouz\/wp-content\/uploads\/2020\/02\/amour-600x283-00-150x150.jpg 150w\" sizes=\"(max-width: 282px) 100vw, 282px\" \/><\/div><\/a>\t\t\t\t\t\t\t\t\t\t<\/div>\n\t\t\t\t\t\t\t\t\t\n\t\t\t\t\t\t\t\t\t<div class=\"content-block-content content-block-content-hasimage\">\n\t\t\t\t\t\t\t\t\t\t\t\t\t\t\t\t\t\t\t\t<h4 class=\"content-block-title\"><a href=\"https:\/\/ho-pongo.bzh\/ar-roudouz\/amour-2\/\" class=\"content-posts-blocks-link\">Amour<\/a><\/h4>\n\t\t\t\t\t\t\t\t\t\t\t\t\t\t\t\t\t\t\t\t\t\t\t\t\t\t\t\t\t<\/div>\n\n\t\t\t\t\t\t\t\t<\/div>\n\t\t\t\t\t\t\t\t\t\t\t\t\t\t\t<\/div>\n\t\t\t\t\t\t\t<div class=\"content-block-column hcolumn-1-3 content-block-3 content-block-style2 hasvisual visual-image\">\n\t\t\t\t\t\t\t\t<div class=\"content-block no-highlight\">\n\n\t\t\t\t\t\t\t\t\t\t\t\t\t\t\t\t\t\t\t<div class=\"content-block-visual content-block-image\">\n\t\t\t\t\t\t\t\t\t\t\t<a href=\"https:\/\/ho-pongo.bzh\/ar-roudouz\/ursuletul\/\" class=\"content-posts-blocks-link\"><div class=\"entry-featured-img-wrap\"><img width=\"283\" height=\"283\" src=\"https:\/\/ho-pongo.bzh\/ar-roudouz\/wp-content\/uploads\/2019\/02\/URSUL01.jpg\" class=\"attachment-full content-block-img  wp-post-image\" alt=\"\" loading=\"lazy\" itemscope=\"\" srcset=\"https:\/\/ho-pongo.bzh\/ar-roudouz\/wp-content\/uploads\/2019\/02\/URSUL01.jpg 283w, https:\/\/ho-pongo.bzh\/ar-roudouz\/wp-content\/uploads\/2019\/02\/URSUL01-150x150.jpg 150w\" sizes=\"(max-width: 283px) 100vw, 283px\" \/><\/div><\/a>\t\t\t\t\t\t\t\t\t\t<\/div>\n\t\t\t\t\t\t\t\t\t\n\t\t\t\t\t\t\t\t\t<div class=\"content-block-content content-block-content-hasimage\">\n\t\t\t\t\t\t\t\t\t\t\t\t\t\t\t\t\t\t\t\t<h4 class=\"content-block-title\"><a href=\"https:\/\/ho-pongo.bzh\/ar-roudouz\/ursuletul\/\" class=\"content-posts-blocks-link\">Ursule\u0163ul<\/a><\/h4>\n\t\t\t\t\t\t\t\t\t\t\t\t\t\t\t\t\t\t\t\t\t\t\t\t\t\t\t\t\t<\/div>\n\n\t\t\t\t\t\t\t\t<\/div>\n\t\t\t\t\t\t\t\t\t\t\t\t\t\t\t<\/div><\/div>\t\t<\/div>\n\n\t\t\n\t<\/div>\n<\/div>\n\n\t\t<\/div>\n\t\t\t\t<\/div>\n\t\t\t\t<div class=\"elementor-element elementor-element-55d7af1 elementor-widget elementor-widget-html\" data-id=\"55d7af1\" data-element_type=\"widget\" data-widget_type=\"html.default\">\n\t\t\t\t<div class=\"elementor-widget-container\">\n\t\t\t<img class=\"float-left\" src=\"https:\/\/ho-pongo.bzh\/ar-roudouz\/wp-content\/uploads\/2020\/01\/vign-RO-2012-150x150.jpg\">\n<p>\nUne petite randonn\u00e9e dans les Carpates centrales, Oradea et bien s\u00fbr Cluj.\n\n\n<\/p>\t\t<\/div>\n\t\t\t\t<\/div>\n\t\t\t\t\t\t<\/div>\n\t\t\t\t\t<\/div>\n\t\t<\/div>\n\t\t\t\t<div class=\"elementor-column elementor-col-33 elementor-top-column elementor-element elementor-element-e24db31\" data-id=\"e24db31\" data-element_type=\"column\">\n\t\t\t<div class=\"elementor-column-wrap elementor-element-populated\">\n\t\t\t\t\t\t\t<div class=\"elementor-widget-wrap\">\n\t\t\t\t\t\t<div class=\"elementor-element elementor-element-c90b567 elementor-widget elementor-widget-wp-widget-category-posts\" data-id=\"c90b567\" data-element_type=\"widget\" data-widget_type=\"wp-widget-category-posts.default\">\n\t\t\t\t<div class=\"elementor-widget-container\">\n\t\t\t<h5>Articles pr\u00e9c\u00e9dents<\/h5><ul id=\"category-posts-REPLACE_TO_ID-internal\" class=\"category-posts-internal\">\n<li class='cat-post-item'><div><a class=\"cat-post-title\" href=\"https:\/\/ho-pongo.bzh\/ar-roudouz\/barajul\/\" rel=\"bookmark\">Barajul<\/a>\r<\/div><div>\n<!--<a class=\"cat-post-thumbnail cat-post-none\" href=\"https:\/\/ho-pongo.bzh\/ar-roudouz\/barajul\/\" title=\"Barajul\"><span class=\"cat-post-crop cat-post-format cat-post-format-standard\"><img width=\"150\" height=\"150\" src=\"https:\/\/ho-pongo.bzh\/ar-roudouz\/wp-content\/uploads\/2019\/02\/Baraj06.jpg\" class=\"attachment-150x150x1x151x151 size-150x150x1x151x151 wp-post-image\" alt=\"\" loading=\"lazy\" data-cat-posts-width=\"150\" data-cat-posts-height=\"150\" srcset=\"https:\/\/ho-pongo.bzh\/ar-roudouz\/wp-content\/uploads\/2019\/02\/Baraj06.jpg 283w, https:\/\/ho-pongo.bzh\/ar-roudouz\/wp-content\/uploads\/2019\/02\/Baraj06-150x150.jpg 150w\" sizes=\"(max-width: 150px) 100vw, 150px\" \/><\/span><\/a>--><\/div><\/li><li class='cat-post-item'><div><a class=\"cat-post-title\" href=\"https:\/\/ho-pongo.bzh\/ar-roudouz\/trenul\/\" rel=\"bookmark\">Trenul<\/a>\r<\/div><div>\n<!--<a class=\"cat-post-thumbnail cat-post-none\" href=\"https:\/\/ho-pongo.bzh\/ar-roudouz\/trenul\/\" title=\"Trenul\"><span class=\"cat-post-crop cat-post-format cat-post-format-standard\"><img width=\"150\" height=\"150\" src=\"https:\/\/ho-pongo.bzh\/ar-roudouz\/wp-content\/uploads\/2019\/02\/tren06-300x300.jpg\" class=\"attachment-150x150x1x151x151 size-150x150x1x151x151 wp-post-image\" alt=\"\" loading=\"lazy\" data-cat-posts-width=\"150\" data-cat-posts-height=\"150\" srcset=\"https:\/\/ho-pongo.bzh\/ar-roudouz\/wp-content\/uploads\/2019\/02\/tren06-300x300.jpg 300w, https:\/\/ho-pongo.bzh\/ar-roudouz\/wp-content\/uploads\/2019\/02\/tren06-150x150.jpg 150w, https:\/\/ho-pongo.bzh\/ar-roudouz\/wp-content\/uploads\/2019\/02\/tren06.jpg 600w\" sizes=\"(max-width: 150px) 100vw, 150px\" \/><\/span><\/a>--><\/div><\/li><li class='cat-post-item'><div><a class=\"cat-post-title\" href=\"https:\/\/ho-pongo.bzh\/ar-roudouz\/nu-parcati-garaj-2\/\" rel=\"bookmark\">Nu parca\u0163i, garaj #2<\/a>\r<\/div><div>\n<!--<a class=\"cat-post-thumbnail cat-post-none\" href=\"https:\/\/ho-pongo.bzh\/ar-roudouz\/nu-parcati-garaj-2\/\" title=\"Nu parca\u0163i, garaj #2\"><span class=\"cat-post-crop cat-post-format cat-post-format-standard\"><img width=\"150\" height=\"150\" src=\"https:\/\/ho-pongo.bzh\/ar-roudouz\/wp-content\/uploads\/2019\/02\/DSCN9095-1.jpg\" class=\"attachment-150x150x1x151x151 size-150x150x1x151x151 wp-post-image\" alt=\"\" loading=\"lazy\" data-cat-posts-width=\"150\" data-cat-posts-height=\"150\" srcset=\"https:\/\/ho-pongo.bzh\/ar-roudouz\/wp-content\/uploads\/2019\/02\/DSCN9095-1.jpg 283w, https:\/\/ho-pongo.bzh\/ar-roudouz\/wp-content\/uploads\/2019\/02\/DSCN9095-1-150x150.jpg 150w\" sizes=\"(max-width: 150px) 100vw, 150px\" \/><\/span><\/a>--><\/div><\/li><\/ul>\n\t\t<\/div>\n\t\t\t\t<\/div>\n\t\t\t\t<div class=\"elementor-element elementor-element-75b8fea menu50d elementor-widget elementor-widget-heading\" data-id=\"75b8fea\" data-element_type=\"widget\" data-widget_type=\"heading.default\">\n\t\t\t\t<div class=\"elementor-widget-container\">\n\t\t\t<h5 class=\"elementor-heading-title elementor-size-default\"><a href=\"https:\/\/ho-pongo.bzh\/ar-roudouz\/category\/voyages\/balt-orient-1990\/roumanie-2012\/\">Archive Roumanie 2012<\/a><\/h5>\t\t<\/div>\n\t\t\t\t<\/div>\n\t\t\t\t\t\t<\/div>\n\t\t\t\t\t<\/div>\n\t\t<\/div>\n\t\t\t\t\t\t\t\t<\/div>\n\t\t\t\t\t<\/div>\n\t\t<\/section>\n\t\t\t\t\t\t<\/div>\n\t\t\t\t\t\t<\/div>\n\t\t\t\t\t<\/div>\n\t\t","protected":false},"excerpt":{"rendered":"<p>Roumanie 2012, Oradea, Cluj Une petite randonn\u00e9e dans les Carpates centrales, Oradea et bien s\u00fbr Cluj. Archive Roumanie 2012<\/p>\n","protected":false},"author":1,"featured_media":0,"parent":296,"menu_order":0,"comment_status":"closed","ping_status":"closed","template":"elementor_header_footer","meta":{"spay_email":""},"yoast_head":"<!-- This site is optimized with the Yoast SEO plugin v15.2.1 - https:\/\/yoast.com\/wordpress\/plugins\/seo\/ -->\n<title>Roumanie 2012 - Ar Roudouz<\/title>\n<meta name=\"robots\" content=\"index, follow, max-snippet:-1, max-image-preview:large, max-video-preview:-1\" \/>\n<link rel=\"canonical\" href=\"https:\/\/ho-pongo.bzh\/ar-roudouz\/voyages\/roumanie-2012\/\" \/>\n<meta property=\"og:locale\" content=\"fr_FR\" \/>\n<meta property=\"og:type\" content=\"article\" \/>\n<meta property=\"og:title\" content=\"Roumanie 2012 - Ar Roudouz\" \/>\n<meta property=\"og:description\" content=\"Roumanie 2012, Oradea, Cluj Une petite randonn\u00e9e dans les Carpates centrales, Oradea et bien s\u00fbr Cluj. Archive Roumanie 2012\" \/>\n<meta property=\"og:url\" content=\"https:\/\/ho-pongo.bzh\/ar-roudouz\/voyages\/roumanie-2012\/\" \/>\n<meta property=\"og:site_name\" content=\"Ar Roudouz\" \/>\n<meta property=\"article:modified_time\" content=\"2024-06-24T14:40:33+00:00\" \/>\n<meta property=\"og:image\" content=\"https:\/\/ho-pongo.bzh\/ar-roudouz\/wp-content\/uploads\/2020\/01\/entree-roumanie2012-01-1024x260.jpg\" \/>\n<meta name=\"twitter:card\" content=\"summary_large_image\" \/>\n<meta name=\"twitter:label1\" content=\"\u00c9crit par\">\n\t<meta name=\"twitter:data1\" content=\"Laurent\">\n\t<meta name=\"twitter:label2\" content=\"Dur\u00e9e de lecture est.\">\n\t<meta name=\"twitter:data2\" content=\"0 minute\">\n<script type=\"application\/ld+json\" class=\"yoast-schema-graph\">{\"@context\":\"https:\/\/schema.org\",\"@graph\":[{\"@type\":\"WebSite\",\"@id\":\"https:\/\/ho-pongo.bzh\/ar-roudouz\/#website\",\"url\":\"https:\/\/ho-pongo.bzh\/ar-roudouz\/\",\"name\":\"Ar Roudouz\",\"description\":\"Butinages, passages et travers\\u00e9es\",\"potentialAction\":[{\"@type\":\"SearchAction\",\"target\":\"https:\/\/ho-pongo.bzh\/ar-roudouz\/?s={search_term_string}\",\"query-input\":\"required name=search_term_string\"}],\"inLanguage\":\"fr-FR\"},{\"@type\":\"ImageObject\",\"@id\":\"https:\/\/ho-pongo.bzh\/ar-roudouz\/voyages\/roumanie-2012\/#primaryimage\",\"inLanguage\":\"fr-FR\",\"url\":\"https:\/\/ho-pongo.bzh\/ar-roudouz\/wp-content\/uploads\/2020\/01\/entree-roumanie2012-01.jpg\",\"width\":1180,\"height\":300},{\"@type\":\"WebPage\",\"@id\":\"https:\/\/ho-pongo.bzh\/ar-roudouz\/voyages\/roumanie-2012\/#webpage\",\"url\":\"https:\/\/ho-pongo.bzh\/ar-roudouz\/voyages\/roumanie-2012\/\",\"name\":\"Roumanie 2012 - Ar Roudouz\",\"isPartOf\":{\"@id\":\"https:\/\/ho-pongo.bzh\/ar-roudouz\/#website\"},\"primaryImageOfPage\":{\"@id\":\"https:\/\/ho-pongo.bzh\/ar-roudouz\/voyages\/roumanie-2012\/#primaryimage\"},\"datePublished\":\"2019-02-03T17:40:59+00:00\",\"dateModified\":\"2024-06-24T14:40:33+00:00\",\"inLanguage\":\"fr-FR\",\"potentialAction\":[{\"@type\":\"ReadAction\",\"target\":[\"https:\/\/ho-pongo.bzh\/ar-roudouz\/voyages\/roumanie-2012\/\"]}]}]}<\/script>\n<!-- \/ Yoast SEO plugin. -->","_links":{"self":[{"href":"https:\/\/ho-pongo.bzh\/ar-roudouz\/wp-json\/wp\/v2\/pages\/298"}],"collection":[{"href":"https:\/\/ho-pongo.bzh\/ar-roudouz\/wp-json\/wp\/v2\/pages"}],"about":[{"href":"https:\/\/ho-pongo.bzh\/ar-roudouz\/wp-json\/wp\/v2\/types\/page"}],"author":[{"embeddable":true,"href":"https:\/\/ho-pongo.bzh\/ar-roudouz\/wp-json\/wp\/v2\/users\/1"}],"replies":[{"embeddable":true,"href":"https:\/\/ho-pongo.bzh\/ar-roudouz\/wp-json\/wp\/v2\/comments?post=298"}],"version-history":[{"count":0,"href":"https:\/\/ho-pongo.bzh\/ar-roudouz\/wp-json\/wp\/v2\/pages\/298\/revisions"}],"up":[{"embeddable":true,"href":"https:\/\/ho-pongo.bzh\/ar-roudouz\/wp-json\/wp\/v2\/pages\/296"}],"wp:attachment":[{"href":"https:\/\/ho-pongo.bzh\/ar-roudouz\/wp-json\/wp\/v2\/media?parent=298"}],"curies":[{"name":"wp","href":"https:\/\/api.w.org\/{rel}","templated":true}]}}