{"id":3980,"date":"2020-12-25T19:06:38","date_gmt":"2020-12-25T18:06:38","guid":{"rendered":"https:\/\/ho-pongo.bzh\/ar-roudouz\/?page_id=3980"},"modified":"2024-06-24T18:45:12","modified_gmt":"2024-06-24T16:45:12","slug":"balt-orient-express-12-1990","status":"publish","type":"page","link":"https:\/\/ho-pongo.bzh\/ar-roudouz\/voyages\/balt-orient-express-12-1990\/","title":{"rendered":"Balt-Orient Express, <br> retour, d\u00e9cembre 1990"},"content":{"rendered":"\t\t<div data-elementor-type=\"wp-page\" data-elementor-id=\"3980\" class=\"elementor elementor-3980\" data-elementor-settings=\"[]\">\n\t\t\t\t\t\t<div class=\"elementor-inner\">\n\t\t\t\t\t\t\t<div class=\"elementor-section-wrap\">\n\t\t\t\t\t\t\t<section class=\"elementor-section elementor-top-section elementor-element elementor-element-99ee46f elementor-section-height-min-height elementor-section-items-top elementor-section-content-top elementor-section-boxed elementor-section-height-default\" data-id=\"99ee46f\" data-element_type=\"section\">\n\t\t\t\t\t\t<div class=\"elementor-container elementor-column-gap-default\">\n\t\t\t\t\t\t\t<div class=\"elementor-row\">\n\t\t\t\t\t<div class=\"elementor-column elementor-col-66 elementor-top-column elementor-element elementor-element-44003eb\" data-id=\"44003eb\" data-element_type=\"column\">\n\t\t\t<div class=\"elementor-column-wrap elementor-element-populated\">\n\t\t\t\t\t\t\t<div class=\"elementor-widget-wrap\">\n\t\t\t\t\t\t<div class=\"elementor-element elementor-element-cd7c314 elementor-widget elementor-widget-heading\" data-id=\"cd7c314\" data-element_type=\"widget\" data-widget_type=\"heading.default\">\n\t\t\t\t<div class=\"elementor-widget-container\">\n\t\t\t<h1 class=\"elementor-heading-title elementor-size-default\">Balt-Orient Express, <br><span class=\"sous-titre-page\">retour d\u00e9cembre 1990 : Cluj, Bucarest<\/span><\/h1>\t\t<\/div>\n\t\t\t\t<\/div>\n\t\t\t\t<div class=\"elementor-element elementor-element-6c185c0 grid-est-90-01 elementor-widget elementor-widget-wp-widget-hootkit-posts-blocks\" data-id=\"6c185c0\" data-element_type=\"widget\" data-widget_type=\"wp-widget-hootkit-posts-blocks.default\">\n\t\t\t\t<div class=\"elementor-widget-container\">\n\t\t\t\n<div class=\"content-blocks-widget-wrap content-blocks-posts topborder-none bottomborder-none\">\n\t<div class=\"content-blocks-widget\">\n\n\t\t\n\t\t<div class=\"flush-columns\">\n\t\t\t<div class=\"content-block-row\">\n\t\t\t\t\t\t\t<div class=\"content-block-column hcolumn-1-2 content-block-1 content-block-style2 hasvisual visual-image\">\n\t\t\t\t\t\t\t\t<div class=\"content-block no-highlight\">\n\n\t\t\t\t\t\t\t\t\t\t\t\t\t\t\t\t\t\t\t<div class=\"content-block-visual content-block-image\">\n\t\t\t\t\t\t\t\t\t\t\t<a href=\"https:\/\/ho-pongo.bzh\/ar-roudouz\/bucuresti-16-piata-universitatii\/\" class=\"content-posts-blocks-link\"><div class=\"entry-featured-img-wrap\"><img width=\"1000\" height=\"665\" src=\"https:\/\/ho-pongo.bzh\/ar-roudouz\/wp-content\/uploads\/2021\/01\/P1076954.jpg\" class=\"attachment-full content-block-img  wp-post-image\" alt=\"\" loading=\"lazy\" itemscope=\"\" srcset=\"https:\/\/ho-pongo.bzh\/ar-roudouz\/wp-content\/uploads\/2021\/01\/P1076954.jpg 1000w, https:\/\/ho-pongo.bzh\/ar-roudouz\/wp-content\/uploads\/2021\/01\/P1076954-300x200.jpg 300w, https:\/\/ho-pongo.bzh\/ar-roudouz\/wp-content\/uploads\/2021\/01\/P1076954-768x511.jpg 768w, https:\/\/ho-pongo.bzh\/ar-roudouz\/wp-content\/uploads\/2021\/01\/P1076954-350x233.jpg 350w\" sizes=\"(max-width: 1000px) 100vw, 1000px\" \/><\/div><\/a>\t\t\t\t\t\t\t\t\t\t<\/div>\n\t\t\t\t\t\t\t\t\t\n\t\t\t\t\t\t\t\t\t<div class=\"content-block-content content-block-content-hasimage\">\n\t\t\t\t\t\t\t\t\t\t\t\t\t\t\t\t\t\t\t\t<h4 class=\"content-block-title\"><a href=\"https:\/\/ho-pongo.bzh\/ar-roudouz\/bucuresti-16-piata-universitatii\/\" class=\"content-posts-blocks-link\">Bucure\u015fti #16, <br>Pia\u0163a Universit\u0103\u0163ii<\/a><\/h4>\n\t\t\t\t\t\t\t\t\t\t\t\t\t\t\t\t\t\t\t\t<div class=\"content-block-text\"><p>Le m\u00e9tro de Bucarest a commenc\u00e9 \u00e0 \u00eatre creus\u00e9 au milieu des [&hellip;]<\/p>\n<\/div>\t\t\t\t\t\t\t\t\t<\/div>\n\n\t\t\t\t\t\t\t\t<\/div>\n\t\t\t\t\t\t\t\t\t\t\t\t\t\t\t<\/div>\n\t\t\t\t\t\t\t<div class=\"content-block-column hcolumn-1-2 content-block-2 content-block-style2 hasvisual visual-image\">\n\t\t\t\t\t\t\t\t<div class=\"content-block no-highlight\">\n\n\t\t\t\t\t\t\t\t\t\t\t\t\t\t\t\t\t\t\t<div class=\"content-block-visual content-block-image\">\n\t\t\t\t\t\t\t\t\t\t\t<a href=\"https:\/\/ho-pongo.bzh\/ar-roudouz\/bucuresti-15-piata-21-dec-1989\/\" class=\"content-posts-blocks-link\"><div class=\"entry-featured-img-wrap\"><img width=\"1000\" height=\"665\" src=\"https:\/\/ho-pongo.bzh\/ar-roudouz\/wp-content\/uploads\/2021\/01\/P1076984.jpg\" class=\"attachment-full content-block-img  wp-post-image\" alt=\"\" loading=\"lazy\" itemscope=\"\" srcset=\"https:\/\/ho-pongo.bzh\/ar-roudouz\/wp-content\/uploads\/2021\/01\/P1076984.jpg 1000w, https:\/\/ho-pongo.bzh\/ar-roudouz\/wp-content\/uploads\/2021\/01\/P1076984-300x200.jpg 300w, https:\/\/ho-pongo.bzh\/ar-roudouz\/wp-content\/uploads\/2021\/01\/P1076984-768x511.jpg 768w, https:\/\/ho-pongo.bzh\/ar-roudouz\/wp-content\/uploads\/2021\/01\/P1076984-350x233.jpg 350w\" sizes=\"(max-width: 1000px) 100vw, 1000px\" \/><\/div><\/a>\t\t\t\t\t\t\t\t\t\t<\/div>\n\t\t\t\t\t\t\t\t\t\n\t\t\t\t\t\t\t\t\t<div class=\"content-block-content content-block-content-hasimage\">\n\t\t\t\t\t\t\t\t\t\t\t\t\t\t\t\t\t\t\t\t<h4 class=\"content-block-title\"><a href=\"https:\/\/ho-pongo.bzh\/ar-roudouz\/bucuresti-15-piata-21-dec-1989\/\" class=\"content-posts-blocks-link\">Bucure\u015fti #15, <br>P\u0163a 21 dec. 1989<\/a><\/h4>\n\t\t\t\t\t\t\t\t\t\t\t\t\t\t\t\t\t\t\t\t<div class=\"content-block-text\"><p>Bucarest, janvier 1991. J&rsquo;avais quitt\u00e9 la ville en mai, on manifestait sur [&hellip;]<\/p>\n<\/div>\t\t\t\t\t\t\t\t\t<\/div>\n\n\t\t\t\t\t\t\t\t<\/div>\n\t\t\t\t\t\t\t\t\t\t\t\t\t\t\t<\/div><\/div>\t\t<\/div>\n\n\t\t\n\t<\/div>\n<\/div>\n\n\t\t<\/div>\n\t\t\t\t<\/div>\n\t\t\t\t<div class=\"elementor-element elementor-element-7edb480 grid-est-90-02 elementor-widget elementor-widget-wp-widget-hootkit-posts-blocks\" data-id=\"7edb480\" data-element_type=\"widget\" data-widget_type=\"wp-widget-hootkit-posts-blocks.default\">\n\t\t\t\t<div class=\"elementor-widget-container\">\n\t\t\t\n<div class=\"content-blocks-widget-wrap content-blocks-posts topborder-none bottomborder-none\">\n\t<div class=\"content-blocks-widget\">\n\n\t\t\n\t\t<div class=\"flush-columns\">\n\t\t\t<div class=\"content-block-row\">\n\t\t\t\t\t\t\t<div class=\"content-block-column hcolumn-1-3 content-block-1 content-block-style2 hasvisual visual-image\">\n\t\t\t\t\t\t\t\t<div class=\"content-block no-highlight\">\n\n\t\t\t\t\t\t\t\t\t\t\t\t\t\t\t\t\t\t\t<div class=\"content-block-visual content-block-image\">\n\t\t\t\t\t\t\t\t\t\t\t<a href=\"https:\/\/ho-pongo.bzh\/ar-roudouz\/quelque-part-en-transylvanie\/\" class=\"content-posts-blocks-link\"><div class=\"entry-featured-img-wrap\"><img width=\"800\" height=\"529\" src=\"https:\/\/ho-pongo.bzh\/ar-roudouz\/wp-content\/uploads\/2022\/12\/PC246923.jpg\" class=\"attachment-full content-block-img  wp-post-image\" alt=\"\" loading=\"lazy\" itemscope=\"\" srcset=\"https:\/\/ho-pongo.bzh\/ar-roudouz\/wp-content\/uploads\/2022\/12\/PC246923.jpg 800w, https:\/\/ho-pongo.bzh\/ar-roudouz\/wp-content\/uploads\/2022\/12\/PC246923-300x198.jpg 300w, https:\/\/ho-pongo.bzh\/ar-roudouz\/wp-content\/uploads\/2022\/12\/PC246923-768x508.jpg 768w, https:\/\/ho-pongo.bzh\/ar-roudouz\/wp-content\/uploads\/2022\/12\/PC246923-350x231.jpg 350w\" sizes=\"(max-width: 800px) 100vw, 800px\" \/><\/div><\/a>\t\t\t\t\t\t\t\t\t\t<\/div>\n\t\t\t\t\t\t\t\t\t\n\t\t\t\t\t\t\t\t\t<div class=\"content-block-content content-block-content-hasimage\">\n\t\t\t\t\t\t\t\t\t\t\t\t\t\t\t\t\t\t\t\t<h4 class=\"content-block-title\"><a href=\"https:\/\/ho-pongo.bzh\/ar-roudouz\/quelque-part-en-transylvanie\/\" class=\"content-posts-blocks-link\">Quelque part en Transylvanie<\/a><\/h4>\n\t\t\t\t\t\t\t\t\t\t\t\t\t\t\t\t\t\t\t\t\t\t\t\t\t\t\t\t\t<\/div>\n\n\t\t\t\t\t\t\t\t<\/div>\n\t\t\t\t\t\t\t\t\t\t\t\t\t\t\t<\/div>\n\t\t\t\t\t\t\t<div class=\"content-block-column hcolumn-1-3 content-block-2 content-block-style2 hasvisual visual-image\">\n\t\t\t\t\t\t\t\t<div class=\"content-block no-highlight\">\n\n\t\t\t\t\t\t\t\t\t\t\t\t\t\t\t\t\t\t\t<div class=\"content-block-visual content-block-image\">\n\t\t\t\t\t\t\t\t\t\t\t<a href=\"https:\/\/ho-pongo.bzh\/ar-roudouz\/cluj-napoca-17-le-roi-michel\/\" class=\"content-posts-blocks-link\"><div class=\"entry-featured-img-wrap\"><img width=\"800\" height=\"530\" src=\"https:\/\/ho-pongo.bzh\/ar-roudouz\/wp-content\/uploads\/2021\/10\/PC266958.jpg\" class=\"attachment-full content-block-img  wp-post-image\" alt=\"\" loading=\"lazy\" itemscope=\"\" srcset=\"https:\/\/ho-pongo.bzh\/ar-roudouz\/wp-content\/uploads\/2021\/10\/PC266958.jpg 800w, https:\/\/ho-pongo.bzh\/ar-roudouz\/wp-content\/uploads\/2021\/10\/PC266958-300x199.jpg 300w, https:\/\/ho-pongo.bzh\/ar-roudouz\/wp-content\/uploads\/2021\/10\/PC266958-768x509.jpg 768w, https:\/\/ho-pongo.bzh\/ar-roudouz\/wp-content\/uploads\/2021\/10\/PC266958-350x232.jpg 350w\" sizes=\"(max-width: 800px) 100vw, 800px\" \/><\/div><\/a>\t\t\t\t\t\t\t\t\t\t<\/div>\n\t\t\t\t\t\t\t\t\t\n\t\t\t\t\t\t\t\t\t<div class=\"content-block-content content-block-content-hasimage\">\n\t\t\t\t\t\t\t\t\t\t\t\t\t\t\t\t\t\t\t\t<h4 class=\"content-block-title\"><a href=\"https:\/\/ho-pongo.bzh\/ar-roudouz\/cluj-napoca-17-le-roi-michel\/\" class=\"content-posts-blocks-link\">Cluj-Napoca #17, <br>le roi Michel<\/a><\/h4>\n\t\t\t\t\t\t\t\t\t\t\t\t\t\t\t\t\t\t\t\t\t\t\t\t\t\t\t\t\t<\/div>\n\n\t\t\t\t\t\t\t\t<\/div>\n\t\t\t\t\t\t\t\t\t\t\t\t\t\t\t<\/div>\n\t\t\t\t\t\t\t<div class=\"content-block-column hcolumn-1-3 content-block-3 content-block-style2 hasvisual visual-image\">\n\t\t\t\t\t\t\t\t<div class=\"content-block no-highlight\">\n\n\t\t\t\t\t\t\t\t\t\t\t\t\t\t\t\t\t\t\t<div class=\"content-block-visual content-block-image\">\n\t\t\t\t\t\t\t\t\t\t\t<a href=\"https:\/\/ho-pongo.bzh\/ar-roudouz\/cluj-napoca-18-str-23-august\/\" class=\"content-posts-blocks-link\"><div class=\"entry-featured-img-wrap\"><img width=\"1000\" height=\"665\" src=\"https:\/\/ho-pongo.bzh\/ar-roudouz\/wp-content\/uploads\/2021\/10\/P1076992.jpg\" class=\"attachment-full content-block-img  wp-post-image\" alt=\"\" loading=\"lazy\" itemscope=\"\" srcset=\"https:\/\/ho-pongo.bzh\/ar-roudouz\/wp-content\/uploads\/2021\/10\/P1076992.jpg 1000w, https:\/\/ho-pongo.bzh\/ar-roudouz\/wp-content\/uploads\/2021\/10\/P1076992-300x200.jpg 300w, https:\/\/ho-pongo.bzh\/ar-roudouz\/wp-content\/uploads\/2021\/10\/P1076992-768x511.jpg 768w, https:\/\/ho-pongo.bzh\/ar-roudouz\/wp-content\/uploads\/2021\/10\/P1076992-350x233.jpg 350w\" sizes=\"(max-width: 1000px) 100vw, 1000px\" \/><\/div><\/a>\t\t\t\t\t\t\t\t\t\t<\/div>\n\t\t\t\t\t\t\t\t\t\n\t\t\t\t\t\t\t\t\t<div class=\"content-block-content content-block-content-hasimage\">\n\t\t\t\t\t\t\t\t\t\t\t\t\t\t\t\t\t\t\t\t<h4 class=\"content-block-title\"><a href=\"https:\/\/ho-pongo.bzh\/ar-roudouz\/cluj-napoca-18-str-23-august\/\" class=\"content-posts-blocks-link\">Cluj-Napoca #18, <br>Str. 23 August<\/a><\/h4>\n\t\t\t\t\t\t\t\t\t\t\t\t\t\t\t\t\t\t\t\t\t\t\t\t\t\t\t\t\t<\/div>\n\n\t\t\t\t\t\t\t\t<\/div>\n\t\t\t\t\t\t\t\t\t\t\t\t\t\t\t<\/div><\/div>\t\t<\/div>\n\n\t\t\n\t<\/div>\n<\/div>\n\n\t\t<\/div>\n\t\t\t\t<\/div>\n\t\t\t\t<div class=\"elementor-element elementor-element-2555bfc elementor-widget elementor-widget-image\" data-id=\"2555bfc\" data-element_type=\"widget\" data-widget_type=\"image.default\">\n\t\t\t\t<div class=\"elementor-widget-container\">\n\t\t\t\t\t<div class=\"elementor-image\">\n\t\t\t\t\t\t\t\t\t\t<img width=\"819\" height=\"208\" src=\"https:\/\/ho-pongo.bzh\/ar-roudouz\/wp-content\/uploads\/2024\/06\/entree-roumanie90-12-1024x260.jpg\" class=\"attachment-large size-large\" alt=\"\" loading=\"lazy\" srcset=\"https:\/\/ho-pongo.bzh\/ar-roudouz\/wp-content\/uploads\/2024\/06\/entree-roumanie90-12-1024x260.jpg 1024w, https:\/\/ho-pongo.bzh\/ar-roudouz\/wp-content\/uploads\/2024\/06\/entree-roumanie90-12-300x76.jpg 300w, https:\/\/ho-pongo.bzh\/ar-roudouz\/wp-content\/uploads\/2024\/06\/entree-roumanie90-12-768x195.jpg 768w, https:\/\/ho-pongo.bzh\/ar-roudouz\/wp-content\/uploads\/2024\/06\/entree-roumanie90-12-350x89.jpg 350w, https:\/\/ho-pongo.bzh\/ar-roudouz\/wp-content\/uploads\/2024\/06\/entree-roumanie90-12.jpg 1180w\" sizes=\"(max-width: 819px) 100vw, 819px\" \/>\t\t\t\t\t\t\t\t\t\t\t<\/div>\n\t\t\t\t<\/div>\n\t\t\t\t<\/div>\n\t\t\t\t<div class=\"elementor-element elementor-element-2f8b16c elementor-widget elementor-widget-html\" data-id=\"2f8b16c\" data-element_type=\"widget\" data-widget_type=\"html.default\">\n\t\t\t\t<div class=\"elementor-widget-container\">\n\t\t\t<strong>Je suis retourn\u00e9 en Roumanie en d\u00e9cembre 1990. J'avais envie de retrouver les amis que j'y avais rencontr\u00e9. Je voulais aussi voir comment on comm\u00e9morait cette r\u00e9volution qui avait laiss\u00e9 beaucoup de d\u00e9ceptions.<\/strong>\n\n<img class=\"float-left img30\" src=\"https:\/\/ho-pongo.bzh\/ar-roudouz\/wp-content\/uploads\/2020\/12\/PC246923.jpg\" \/>\n\nLe roumain, je commen\u00e7ais d\u00e9j\u00e0 \u00e0 le comprendre et \u00e0 le parler. Depuis le printemps, j'y avais consacr\u00e9 mon temps.\n\nLes choses \u00e9taient all\u00e9es vite. C'est une langue facile \u00e0 apprendre.\nC'est gr\u00e2ce \u00e0 une annonce affich\u00e9e au restaurant universitaire que j'ai trouv\u00e9 un v\u00e9hicule pouvant m'emmener en Roumanie.\nNous avons travers\u00e9 l'Europe en trois jours et demi, dormant sur le c\u00f4t\u00e9 de la route. Depuis Nantes jusque Vienne, on roulait ais\u00e9ment. Pass\u00e9 la fronti\u00e8re austro-hongroise, nous ne roulions plus qu'\u00e0 50 km\/h et la conduite nocturne \u00e9tait particuli\u00e8rement dangereuse. Il faisait tr\u00e8s sombre et seule l'odeur du charbon br\u00fbl\u00e9 nous laissait supposer que nous traversions un village.\t\t<\/div>\n\t\t\t\t<\/div>\n\t\t\t\t<div class=\"elementor-element elementor-element-ba97b06 elementor-widget elementor-widget-heading\" data-id=\"ba97b06\" data-element_type=\"widget\" data-widget_type=\"heading.default\">\n\t\t\t\t<div class=\"elementor-widget-container\">\n\t\t\t<h2 class=\"elementor-heading-title elementor-size-default\">Cluj<\/h2>\t\t<\/div>\n\t\t\t\t<\/div>\n\t\t\t\t<div class=\"elementor-element elementor-element-7020680 elementor-widget elementor-widget-html\" data-id=\"7020680\" data-element_type=\"widget\" data-widget_type=\"html.default\">\n\t\t\t\t<div class=\"elementor-widget-container\">\n\t\t\t<img class=\"float-left img30\" src=\"https:\/\/ho-pongo.bzh\/ar-roudouz\/wp-content\/uploads\/2020\/12\/PC246922.jpg\"\n<p>\nCluj-Napoca est une ancienne cit\u00e9 Dace, puis romaine. Elle est la capitale de la Transylvanie et l'une des plus peupl\u00e9es de Roumanie. C'est une ville riche en histoire, industriellement tr\u00e8s d\u00e9velopp\u00e9e. <br>C'est aussi une grande ville universitaire, vivante et cr\u00e9ative. <br>\nComme toutes les villes de Roumanie, Cluj f\u00eatait le premier anniversaire de la r\u00e9volution. La jeunesse universitaire n'avait pas \u00e9t\u00e9 en reste au sein de ces \u00e9v\u00e8nements, m\u00eame si Timi\u015foara et Bucarest ont davantage fait parler d'elles. Cluj est une ville profond\u00e9ment cosmopolite, o\u00f9 se cotoient Roumains, Magyars, Allemands, Juifs, Tsiganes...  <br>\nCluj \u00e9tait la ville de r\u00e9sidence d'un dissidente particuli\u00e8rement connue en France, <a href=\"https:\/\/fr.wikipedia.org\/wiki\/Doina_Cornea\">Doina Cornea<\/a>. <br>\nC'\u00e9tait la premi\u00e8re fois que je mettais les pieds \u00e0 Cluj. J'y retournerai une ou deux fois par an dans les quelques ann\u00e9es qui suivront. \nC'est l\u00e0 que j'ai rencontr\u00e9 l'un de mes meilleurs amis, avec qui je suis toujours en contact r\u00e9gulier. <\/p>\n\t\t<\/div>\n\t\t\t\t<\/div>\n\t\t\t\t<div class=\"elementor-element elementor-element-a4e1ad3 elementor-widget elementor-widget-heading\" data-id=\"a4e1ad3\" data-element_type=\"widget\" data-widget_type=\"heading.default\">\n\t\t\t\t<div class=\"elementor-widget-container\">\n\t\t\t<h2 class=\"elementor-heading-title elementor-size-default\">Bucarest<\/h2>\t\t<\/div>\n\t\t\t\t<\/div>\n\t\t\t\t\t\t<\/div>\n\t\t\t\t\t<\/div>\n\t\t<\/div>\n\t\t\t\t<div class=\"elementor-column elementor-col-33 elementor-top-column elementor-element elementor-element-7449daf\" data-id=\"7449daf\" data-element_type=\"column\">\n\t\t\t<div class=\"elementor-column-wrap elementor-element-populated\">\n\t\t\t\t\t\t\t<div class=\"elementor-widget-wrap\">\n\t\t\t\t\t\t<div class=\"elementor-element elementor-element-a029b04 abo-fbk elementor-widget elementor-widget-html\" data-id=\"a029b04\" data-element_type=\"widget\" data-widget_type=\"html.default\">\n\t\t\t\t<div class=\"elementor-widget-container\">\n\t\t\tAbonnez-vous <br>\u00e0 la page Facebook <br>Abona\u0163i-v\u0103 <br>la pagin\u0103 Facebook\t\t<\/div>\n\t\t\t\t<\/div>\n\t\t\t\t<div class=\"elementor-element elementor-element-abd1961 lien-pg-fbk elementor-widget elementor-widget-html\" data-id=\"abd1961\" data-element_type=\"widget\" data-widget_type=\"html.default\">\n\t\t\t\t<div class=\"elementor-widget-container\">\n\t\t\t<a href=\"https:\/\/www.facebook.com\/Balt-Orient-Express-1990-113500740311094\/\">\n<img class=\"float-left\" src=\"https:\/\/ho-pongo.bzh\/ar-roudouz\/wp-content\/uploads\/2020\/04\/facebk-logo.png\">\n<p>\nBalt-Orient Express\n<br>1990\n<\/p><\/a>\t\t<\/div>\n\t\t\t\t<\/div>\n\t\t\t\t<div class=\"elementor-element elementor-element-002d07b elementor-widget elementor-widget-wp-widget-category-posts\" data-id=\"002d07b\" data-element_type=\"widget\" data-widget_type=\"wp-widget-category-posts.default\">\n\t\t\t\t<div class=\"elementor-widget-container\">\n\t\t\t<h5>Derniers articles<\/h5><ul id=\"category-posts-REPLACE_TO_ID-internal\" class=\"category-posts-internal\">\n<li class='cat-post-item'><div><a class=\"cat-post-title\" href=\"https:\/\/ho-pongo.bzh\/ar-roudouz\/quelque-part-en-transylvanie\/\" rel=\"bookmark\">Quelque part en Transylvanie<\/a>\r<\/div><div>\n<!--<a class=\"cat-post-thumbnail cat-post-none\" href=\"https:\/\/ho-pongo.bzh\/ar-roudouz\/quelque-part-en-transylvanie\/\" title=\"Quelque part en Transylvanie\"><span class=\"cat-post-crop cat-post-format cat-post-format-standard\"><img width=\"150\" height=\"150\" src=\"https:\/\/ho-pongo.bzh\/ar-roudouz\/wp-content\/uploads\/2022\/12\/PC246923.jpg\" class=\"attachment-150x150x1x151x151 size-150x150x1x151x151 wp-post-image\" alt=\"\" loading=\"lazy\" data-cat-posts-width=\"150\" data-cat-posts-height=\"150\" srcset=\"https:\/\/ho-pongo.bzh\/ar-roudouz\/wp-content\/uploads\/2022\/12\/PC246923.jpg 800w, https:\/\/ho-pongo.bzh\/ar-roudouz\/wp-content\/uploads\/2022\/12\/PC246923-300x198.jpg 300w, https:\/\/ho-pongo.bzh\/ar-roudouz\/wp-content\/uploads\/2022\/12\/PC246923-768x508.jpg 768w, https:\/\/ho-pongo.bzh\/ar-roudouz\/wp-content\/uploads\/2022\/12\/PC246923-350x231.jpg 350w\" sizes=\"(max-width: 150px) 100vw, 150px\" \/><\/span><\/a>--><\/div><\/li><li class='cat-post-item'><div><a class=\"cat-post-title\" href=\"https:\/\/ho-pongo.bzh\/ar-roudouz\/cluj-napoca-17-le-roi-michel\/\" rel=\"bookmark\">Cluj-Napoca #17, <br>le roi Michel<\/a>\r<\/div><div>\n<!--<a class=\"cat-post-thumbnail cat-post-none\" href=\"https:\/\/ho-pongo.bzh\/ar-roudouz\/cluj-napoca-17-le-roi-michel\/\" title=\"Cluj-Napoca #17, le roi Michel\"><span class=\"cat-post-crop cat-post-format cat-post-format-standard\"><img width=\"150\" height=\"150\" src=\"https:\/\/ho-pongo.bzh\/ar-roudouz\/wp-content\/uploads\/2021\/10\/PC266958.jpg\" class=\"attachment-150x150x1x151x151 size-150x150x1x151x151 wp-post-image\" alt=\"\" loading=\"lazy\" data-cat-posts-width=\"150\" data-cat-posts-height=\"150\" srcset=\"https:\/\/ho-pongo.bzh\/ar-roudouz\/wp-content\/uploads\/2021\/10\/PC266958.jpg 800w, https:\/\/ho-pongo.bzh\/ar-roudouz\/wp-content\/uploads\/2021\/10\/PC266958-300x199.jpg 300w, https:\/\/ho-pongo.bzh\/ar-roudouz\/wp-content\/uploads\/2021\/10\/PC266958-768x509.jpg 768w, https:\/\/ho-pongo.bzh\/ar-roudouz\/wp-content\/uploads\/2021\/10\/PC266958-350x232.jpg 350w\" sizes=\"(max-width: 150px) 100vw, 150px\" \/><\/span><\/a>--><\/div><\/li><li class='cat-post-item'><div><a class=\"cat-post-title\" href=\"https:\/\/ho-pongo.bzh\/ar-roudouz\/cluj-napoca-18-str-23-august\/\" rel=\"bookmark\">Cluj-Napoca #18, <br>Str. 23 August<\/a>\r<\/div><div>\n<!--<a class=\"cat-post-thumbnail cat-post-none\" href=\"https:\/\/ho-pongo.bzh\/ar-roudouz\/cluj-napoca-18-str-23-august\/\" title=\"Cluj-Napoca #18, Str. 23 August\"><span class=\"cat-post-crop cat-post-format cat-post-format-standard\"><img width=\"150\" height=\"150\" src=\"https:\/\/ho-pongo.bzh\/ar-roudouz\/wp-content\/uploads\/2021\/10\/P1076992-600x600.jpg\" class=\"attachment-150x150x1x151x151 size-150x150x1x151x151 wp-post-image\" alt=\"\" loading=\"lazy\" data-cat-posts-width=\"150\" data-cat-posts-height=\"150\" srcset=\"https:\/\/ho-pongo.bzh\/ar-roudouz\/wp-content\/uploads\/2021\/10\/P1076992-600x600.jpg 600w, https:\/\/ho-pongo.bzh\/ar-roudouz\/wp-content\/uploads\/2021\/10\/P1076992-150x150.jpg 150w\" sizes=\"(max-width: 150px) 100vw, 150px\" \/><\/span><\/a>--><\/div><\/li><\/ul>\n\t\t<\/div>\n\t\t\t\t<\/div>\n\t\t\t\t<div class=\"elementor-element elementor-element-d8a8cf7 elementor-widget elementor-widget-heading\" data-id=\"d8a8cf7\" data-element_type=\"widget\" data-widget_type=\"heading.default\">\n\t\t\t\t<div class=\"elementor-widget-container\">\n\t\t\t<h5 class=\"elementor-heading-title elementor-size-default\"><a href=\"https:\/\/ho-pongo.bzh\/ar-roudouz\/category\/voyages\/balt-orient-1990\/cluj-12-90\/\">Archive Cluj <br>12-1990 - 01-1990<\/a><\/h5>\t\t<\/div>\n\t\t\t\t<\/div>\n\t\t\t\t<div class=\"elementor-element elementor-element-7ebc87e elementor-widget elementor-widget-heading\" data-id=\"7ebc87e\" data-element_type=\"widget\" data-widget_type=\"heading.default\">\n\t\t\t\t<div class=\"elementor-widget-container\">\n\t\t\t<h5 class=\"elementor-heading-title elementor-size-default\"><a href=\"https:\/\/ho-pongo.bzh\/ar-roudouz\/category\/voyages\/balt-orient-1990\/bucarest-12-90\/\">Archive Bucarest <br>12-1990 - 01-1990<\/a><\/h5>\t\t<\/div>\n\t\t\t\t<\/div>\n\t\t\t\t\t\t<\/div>\n\t\t\t\t\t<\/div>\n\t\t<\/div>\n\t\t\t\t\t\t\t\t<\/div>\n\t\t\t\t\t<\/div>\n\t\t<\/section>\n\t\t\t\t\t\t<\/div>\n\t\t\t\t\t\t<\/div>\n\t\t\t\t\t<\/div>\n\t\t","protected":false},"excerpt":{"rendered":"<p>Balt-Orient Express, retour d\u00e9cembre 1990 : Cluj, Bucarest Je suis retourn\u00e9 en Roumanie en d\u00e9cembre 1990. J&rsquo;avais envie de retrouver les amis que j&rsquo;y avais [&hellip;]<\/p>\n","protected":false},"author":1,"featured_media":4048,"parent":296,"menu_order":0,"comment_status":"closed","ping_status":"closed","template":"elementor_header_footer","meta":{"spay_email":""},"yoast_head":"<!-- This site is optimized with the Yoast SEO plugin v15.2.1 - https:\/\/yoast.com\/wordpress\/plugins\/seo\/ -->\n<title>Balt-Orient Express,  retour, d\u00e9cembre 1990 - Ar Roudouz<\/title>\n<meta name=\"robots\" content=\"index, follow, max-snippet:-1, max-image-preview:large, max-video-preview:-1\" \/>\n<link rel=\"canonical\" href=\"https:\/\/ho-pongo.bzh\/ar-roudouz\/voyages\/balt-orient-express-12-1990\/\" \/>\n<meta property=\"og:locale\" content=\"fr_FR\" \/>\n<meta property=\"og:type\" content=\"article\" \/>\n<meta property=\"og:title\" content=\"Balt-Orient Express,  retour, d\u00e9cembre 1990 - Ar Roudouz\" \/>\n<meta property=\"og:description\" content=\"Balt-Orient Express, retour d\u00e9cembre 1990 : Cluj, Bucarest Je suis retourn\u00e9 en Roumanie en d\u00e9cembre 1990. J&rsquo;avais envie de retrouver les amis que j&rsquo;y avais [&hellip;]\" \/>\n<meta property=\"og:url\" content=\"https:\/\/ho-pongo.bzh\/ar-roudouz\/voyages\/balt-orient-express-12-1990\/\" \/>\n<meta property=\"og:site_name\" content=\"Ar Roudouz\" \/>\n<meta property=\"article:modified_time\" content=\"2024-06-24T16:45:12+00:00\" \/>\n<meta property=\"og:image\" content=\"https:\/\/ho-pongo.bzh\/ar-roudouz\/wp-content\/uploads\/2020\/12\/entree-roumanie90-12.jpg\" \/>\n\t<meta property=\"og:image:width\" content=\"1180\" \/>\n\t<meta property=\"og:image:height\" content=\"300\" \/>\n<meta name=\"twitter:card\" content=\"summary_large_image\" \/>\n<meta name=\"twitter:label1\" content=\"\u00c9crit par\">\n\t<meta name=\"twitter:data1\" content=\"Laurent\">\n\t<meta name=\"twitter:label2\" content=\"Dur\u00e9e de lecture est.\">\n\t<meta name=\"twitter:data2\" content=\"1 minute\">\n<script type=\"application\/ld+json\" class=\"yoast-schema-graph\">{\"@context\":\"https:\/\/schema.org\",\"@graph\":[{\"@type\":\"WebSite\",\"@id\":\"https:\/\/ho-pongo.bzh\/ar-roudouz\/#website\",\"url\":\"https:\/\/ho-pongo.bzh\/ar-roudouz\/\",\"name\":\"Ar Roudouz\",\"description\":\"Butinages, passages et travers\\u00e9es\",\"potentialAction\":[{\"@type\":\"SearchAction\",\"target\":\"https:\/\/ho-pongo.bzh\/ar-roudouz\/?s={search_term_string}\",\"query-input\":\"required name=search_term_string\"}],\"inLanguage\":\"fr-FR\"},{\"@type\":\"ImageObject\",\"@id\":\"https:\/\/ho-pongo.bzh\/ar-roudouz\/voyages\/balt-orient-express-12-1990\/#primaryimage\",\"inLanguage\":\"fr-FR\",\"url\":\"https:\/\/ho-pongo.bzh\/ar-roudouz\/wp-content\/uploads\/2020\/12\/entree-roumanie90-12.jpg\",\"width\":1180,\"height\":300},{\"@type\":\"WebPage\",\"@id\":\"https:\/\/ho-pongo.bzh\/ar-roudouz\/voyages\/balt-orient-express-12-1990\/#webpage\",\"url\":\"https:\/\/ho-pongo.bzh\/ar-roudouz\/voyages\/balt-orient-express-12-1990\/\",\"name\":\"Balt-Orient Express, retour, d\\u00e9cembre 1990 - Ar Roudouz\",\"isPartOf\":{\"@id\":\"https:\/\/ho-pongo.bzh\/ar-roudouz\/#website\"},\"primaryImageOfPage\":{\"@id\":\"https:\/\/ho-pongo.bzh\/ar-roudouz\/voyages\/balt-orient-express-12-1990\/#primaryimage\"},\"datePublished\":\"2020-12-25T18:06:38+00:00\",\"dateModified\":\"2024-06-24T16:45:12+00:00\",\"inLanguage\":\"fr-FR\",\"potentialAction\":[{\"@type\":\"ReadAction\",\"target\":[\"https:\/\/ho-pongo.bzh\/ar-roudouz\/voyages\/balt-orient-express-12-1990\/\"]}]}]}<\/script>\n<!-- \/ Yoast SEO plugin. -->","_links":{"self":[{"href":"https:\/\/ho-pongo.bzh\/ar-roudouz\/wp-json\/wp\/v2\/pages\/3980"}],"collection":[{"href":"https:\/\/ho-pongo.bzh\/ar-roudouz\/wp-json\/wp\/v2\/pages"}],"about":[{"href":"https:\/\/ho-pongo.bzh\/ar-roudouz\/wp-json\/wp\/v2\/types\/page"}],"author":[{"embeddable":true,"href":"https:\/\/ho-pongo.bzh\/ar-roudouz\/wp-json\/wp\/v2\/users\/1"}],"replies":[{"embeddable":true,"href":"https:\/\/ho-pongo.bzh\/ar-roudouz\/wp-json\/wp\/v2\/comments?post=3980"}],"version-history":[{"count":0,"href":"https:\/\/ho-pongo.bzh\/ar-roudouz\/wp-json\/wp\/v2\/pages\/3980\/revisions"}],"up":[{"embeddable":true,"href":"https:\/\/ho-pongo.bzh\/ar-roudouz\/wp-json\/wp\/v2\/pages\/296"}],"wp:featuredmedia":[{"embeddable":true,"href":"https:\/\/ho-pongo.bzh\/ar-roudouz\/wp-json\/wp\/v2\/media\/4048"}],"wp:attachment":[{"href":"https:\/\/ho-pongo.bzh\/ar-roudouz\/wp-json\/wp\/v2\/media?parent=3980"}],"curies":[{"name":"wp","href":"https:\/\/api.w.org\/{rel}","templated":true}]}}