{"id":17,"date":"2018-07-19T10:29:21","date_gmt":"2018-07-19T08:29:21","guid":{"rendered":"http:\/\/kervrac.fr\/?page_id=17"},"modified":"2019-03-13T16:08:14","modified_gmt":"2019-03-13T15:08:14","slug":"mentions-legales","status":"publish","type":"page","link":"https:\/\/ho-pongo.bzh\/kervrac\/mentions-legales\/","title":{"rendered":"Mentions l\u00e9gales"},"content":{"rendered":"<h3>1. L&rsquo;\u00e9diteur du site<\/h3>\n<p>Raison sociale : Ker&rsquo;vrac<br \/>\nAdresse : 2 rue Jean Le Berre, F-29120 Pont-l&rsquo;Abb\u00e9<br \/>\nT\u00e9l\u00e9phone :<br \/>\nE-mail : contact(a)kervrac.fr<br \/>\nDirectrice de la publication : Isabelle Gueguen<br \/>\nRCS :<\/p>\n<h3>2. L&rsquo;h\u00e9bergeur<\/h3>\n<p>OVH<br \/>\n2 rue Kellermann, F-59100 Roubaix<\/p>\n<h3>3. Conditions d&rsquo;utilisation<\/h3>\n<p>La consultation du site Ker&rsquo;vrac se fait par l&rsquo;url kervrac.fr. Elle est r\u00e9gie par les conditions \u00e9num\u00e9r\u00e9es ci-dessous. En utilisant ce site, le visiteur reconna\u00eet avoir pris connaissance de ces conditions et les avoir accept\u00e9es. Elles peuvent toutefois \u00eatre modifi\u00e9es sans pr\u00e9avis par la soci\u00e9t\u00e9 Ker&rsquo;vrac.<\/p>\n<p>La soci\u00e9t\u00e9 Ker&rsquo;vrac s&rsquo;efforce d&rsquo;offrir le meilleur confort d&rsquo;utilisation. Mais elle ne saurait \u00eatre tenue responsable d&rsquo;une mauvaise utilisation du service (navigateur obsol\u00e8te, mauvais param\u00e9trages&#8230;)<\/p>\n<h3>4. Limitation de la responsabilit\u00e9<\/h3>\n<p>Nous apportons le plus grand soin \u00e0 la r\u00e9daction du contenu de ce site. Malgr\u00e9 tout, des inexactitudes, des omissions ou des lacunes peuvent appara\u00eetre. Nous vous prions de nous en excuser. Si vous constatez une erreur ou un dysfonctionnement, vous pouvez nous le signaler gr\u00e2ce au <a href=\"https:\/\/kervrac.fr\/contact\/\">formulaire de contact<\/a>.<\/p>\n<p>Les visiteurs peuvent commenter les articles de blog. Nous leur demandons d&rsquo;\u00eatre bienveillants envers les autres contributeurs et \u00e0 ne pas diffuser des informations hors propos ou fausses. Les commentaires engagent la seule responsabilit\u00e9 de leurs auteurs.<\/p>\n<h3>5. Donn\u00e9es personnelles<\/h3>\n<p>Conform\u00e9ment au R\u00e8glement G\u00e9n\u00e9ral sur la Protection des Donn\u00e9es (RGPD), entr\u00e9 en vigueur le 25 mai 2018, les internautes disposent d&rsquo;un droit d&rsquo;acc\u00e8s, de rectification, de modification et de suppression des donn\u00e9es qui les concernent personnellement.<br \/>\nCe droit peut \u00eatre exerc\u00e9 par voie postale aupr\u00e8s de Ker&rsquo;vrac, 2, rue Jean Le Berre, Pont-l&rsquo;Abb\u00e9 ou <a href=\"https:\/\/kervrac.fr\/contact\/\">par e-mail<\/a>.<br \/>\nNos engagements sont d\u00e9crits en d\u00e9tail sur la page <a href=\"https:\/\/kervrac.fr\/politique-de-confidentialite\/\">politique de confidentialit\u00e9<\/a>.<\/p>\n","protected":false},"excerpt":{"rendered":"<p>1. L&rsquo;\u00e9diteur du site Raison sociale : Ker&rsquo;vrac Adresse : 2 rue Jean Le Berre, F-29120 Pont-l&rsquo;Abb\u00e9 T\u00e9l\u00e9phone : E-mail : contact(a)kervrac.fr Directrice de la publication : Isabelle Gueguen RCS : 2. L&rsquo;h\u00e9bergeur OVH 2 rue Kellermann, F-59100 Roubaix 3. Conditions d&rsquo;utilisation La consultation du site Ker&rsquo;vrac se fait par l&rsquo;url kervrac.fr. Elle est r\u00e9gie par les conditions \u00e9num\u00e9r\u00e9es ci-dessous. En utilisant ce site, le visiteur reconna\u00eet avoir pris connaissance de ces conditions et les avoir accept\u00e9es. Elles peuvent toutefois \u00eatre modifi\u00e9es sans pr\u00e9avis par la soci\u00e9t\u00e9 Ker&rsquo;vrac. La soci\u00e9t\u00e9 Ker&rsquo;vrac s&rsquo;efforce d&rsquo;offrir le meilleur confort d&rsquo;utilisation. Mais elle ne saurait \u00eatre tenue responsable d&rsquo;une mauvaise utilisation du service (navigateur obsol\u00e8te, mauvais param\u00e9trages&#8230;) 4. Limitation de la responsabilit\u00e9 Nous apportons le plus grand soin \u00e0 la r\u00e9daction du contenu de ce site. Malgr\u00e9 tout, des inexactitudes, des omissions ou des lacunes peuvent appara\u00eetre. Nous vous prions de nous en excuser. Si vous constatez une erreur ou un dysfonctionnement, vous pouvez nous le signaler gr\u00e2ce au formulaire de contact. Les visiteurs peuvent commenter les articles de blog. Nous leur demandons d&rsquo;\u00eatre bienveillants envers les autres contributeurs et \u00e0 ne pas diffuser des informations hors propos ou fausses. Les commentaires engagent la seule responsabilit\u00e9 de leurs auteurs. 5. Donn\u00e9es personnelles Conform\u00e9ment au R\u00e8glement G\u00e9n\u00e9ral sur la Protection des Donn\u00e9es (RGPD), entr\u00e9 en vigueur le 25 mai 2018, les internautes disposent d&rsquo;un droit d&rsquo;acc\u00e8s, de rectification, de modification et de suppression des donn\u00e9es qui les concernent personnellement. Ce droit peut \u00eatre exerc\u00e9 par voie postale aupr\u00e8s de Ker&rsquo;vrac, 2, rue Jean Le Berre, Pont-l&rsquo;Abb\u00e9 ou par e-mail. Nos engagements sont d\u00e9crits en d\u00e9tail sur la page politique de confidentialit\u00e9.<\/p>\n","protected":false},"author":1,"featured_media":0,"parent":0,"menu_order":0,"comment_status":"closed","ping_status":"closed","template":"","meta":[],"_links":{"self":[{"href":"https:\/\/ho-pongo.bzh\/kervrac\/wp-json\/wp\/v2\/pages\/17"}],"collection":[{"href":"https:\/\/ho-pongo.bzh\/kervrac\/wp-json\/wp\/v2\/pages"}],"about":[{"href":"https:\/\/ho-pongo.bzh\/kervrac\/wp-json\/wp\/v2\/types\/page"}],"author":[{"embeddable":true,"href":"https:\/\/ho-pongo.bzh\/kervrac\/wp-json\/wp\/v2\/users\/1"}],"replies":[{"embeddable":true,"href":"https:\/\/ho-pongo.bzh\/kervrac\/wp-json\/wp\/v2\/comments?post=17"}],"version-history":[{"count":9,"href":"https:\/\/ho-pongo.bzh\/kervrac\/wp-json\/wp\/v2\/pages\/17\/revisions"}],"predecessor-version":[{"id":381,"href":"https:\/\/ho-pongo.bzh\/kervrac\/wp-json\/wp\/v2\/pages\/17\/revisions\/381"}],"wp:attachment":[{"href":"https:\/\/ho-pongo.bzh\/kervrac\/wp-json\/wp\/v2\/media?parent=17"}],"curies":[{"name":"wp","href":"https:\/\/api.w.org\/{rel}","templated":true}]}}