{"id":19,"date":"2018-07-19T10:29:54","date_gmt":"2018-07-19T08:29:54","guid":{"rendered":"http:\/\/kervrac.fr\/?page_id=19"},"modified":"2019-03-13T16:02:25","modified_gmt":"2019-03-13T15:02:25","slug":"mode-demploi","status":"publish","type":"page","link":"https:\/\/ho-pongo.bzh\/kervrac\/mode-demploi\/","title":{"rendered":"Faire ses courses <br>n&rsquo;a jamais \u00e9t\u00e9 aussi simple"},"content":{"rendered":"<p>Acheter en vrac est tout ce qu&rsquo;il y a de plus ais\u00e9. Bien s\u00fbr, cela demande un peu d&rsquo;organisation et de pr\u00e9paration. Mais m\u00eame en cas d&rsquo;impr\u00e9vu, il y a toujours une solution. Voici le mode d&#8217;emploi chez Ker&rsquo;Vrac&#8230;<\/p>\n<p>La vente en vrac est un proc\u00e9d\u00e9 qui se d\u00e9veloppe largement dans tous les pays d&rsquo;Europe. C&rsquo;\u00e9tait d&rsquo;ailleurs comme cela que se fournissaient nos parents et grands-parents, avant que le contenant devienne plus important que le contenu lui-m\u00eame. Aujourd&rsquo;hui les grandes marques ne communiquent plus sur les qualit\u00e9s suppos\u00e9es de leurs produits, mais sur l&rsquo;ing\u00e9niosit\u00e9 de leurs nouveaux emballages qui finiront \u00e0 la poubelle !<\/p>\n<p>Le mieux est de distinguer les contenants qui serviront \u00e0 ranger vos produits dans les placards, de ceux qui vous serviront \u00e0 faire vos courses. Vous pouvez ainsi avoir un jeux de bocaux, ou de sacs, pr\u00eats \u00e0 l&#8217;emploi dans votre cabas ou votre panier. Au retour de vos achats vous les transvaserez dans ceux qui sont dans vos placards.<\/p>\n<p><span class=\"texte-gras\">Chez Ker\u2019vrac vous pouvez utiliser toutes sortes d\u2019emballages pour faire vos achats : bocaux de verre, bouteilles, bo\u00eetes en m\u00e9tal, \u00ab tup-tups \u00bb, sacs en tissu, sacs en papier de r\u00e9cup\u00e9ration\u2026 L\u2019important est qu\u2019ils soient bien propres. <\/span> Nous d\u00e9conseillons toutefois certaines bo\u00eetes en plastique dont les composants chimiques pourraient migrer dans les aliments.<br \/>\n<img loading=\"lazy\" class=\"aligncenter wp-image-322 size-full\" src=\"https:\/\/kervrac.fr\/wp-content\/uploads\/2018\/10\/emballages.jpg\" alt=\"\" width=\"850\" height=\"213\" srcset=\"https:\/\/ho-pongo.bzh\/kervrac\/wp-content\/uploads\/2018\/10\/emballages.jpg 850w, https:\/\/ho-pongo.bzh\/kervrac\/wp-content\/uploads\/2018\/10\/emballages-300x75.jpg 300w, https:\/\/ho-pongo.bzh\/kervrac\/wp-content\/uploads\/2018\/10\/emballages-768x192.jpg 768w, https:\/\/ho-pongo.bzh\/kervrac\/wp-content\/uploads\/2018\/10\/emballages-600x150.jpg 600w\" sizes=\"(max-width: 850px) 100vw, 850px\" \/><br \/>\nSi par hasard vous n&rsquo;aviez pas de contenant, pas de panique&#8230; Nous pourrons vous en pr\u00eater.<\/p>\n<h2>Alors, je fais comment ?<\/h2>\n<div class=\"etape-emploi\">\n<h3><img loading=\"lazy\" class=\"alignleft wp-image-370 size-thumbnail\" src=\"https:\/\/kervrac.fr\/wp-content\/uploads\/2018\/10\/poids-note-150x150.jpg\" alt=\"\" width=\"150\" height=\"150\" srcset=\"https:\/\/ho-pongo.bzh\/kervrac\/wp-content\/uploads\/2018\/10\/poids-note-150x150.jpg 150w, https:\/\/ho-pongo.bzh\/kervrac\/wp-content\/uploads\/2018\/10\/poids-note-75x75.jpg 75w, https:\/\/ho-pongo.bzh\/kervrac\/wp-content\/uploads\/2018\/10\/poids-note-100x100.jpg 100w, https:\/\/ho-pongo.bzh\/kervrac\/wp-content\/uploads\/2018\/10\/poids-note.jpg 283w\" sizes=\"(max-width: 150px) 100vw, 150px\" \/>Faites peser vos contenants<\/h3>\n<p>Avant de choisir vos produits vous devez faire peser vos contenants un par un (avec leurs couvercles). Nous notons ensuite son poids sur chaque emballage. Ils peuvent rester marqu\u00e9s jusqu&rsquo;\u00e0 leur prochaine utilisation en boutique.<\/p>\n<\/div>\n<div class=\"etape-emploi\">\n<h3><img loading=\"lazy\" class=\"alignleft wp-image-371 size-thumbnail\" src=\"https:\/\/kervrac.fr\/wp-content\/uploads\/2018\/10\/service-150x150.jpg\" alt=\"\" width=\"150\" height=\"150\" srcset=\"https:\/\/ho-pongo.bzh\/kervrac\/wp-content\/uploads\/2018\/10\/service-150x150.jpg 150w, https:\/\/ho-pongo.bzh\/kervrac\/wp-content\/uploads\/2018\/10\/service-75x75.jpg 75w, https:\/\/ho-pongo.bzh\/kervrac\/wp-content\/uploads\/2018\/10\/service-100x100.jpg 100w, https:\/\/ho-pongo.bzh\/kervrac\/wp-content\/uploads\/2018\/10\/service.jpg 283w\" sizes=\"(max-width: 150px) 100vw, 150px\" \/>Servez-vous<\/h3>\n<p>Vous faites votre choix parmi les produits propos\u00e9s en magasin, c\u00e9r\u00e9ales, l\u00e9gumineuses, p\u00e2tes\u2026 Certains produits sont servis dans des tr\u00e9mies, d&rsquo;autres dans les bacs. Vous prenez la juste quantit\u00e9 dont vous avez besoin.<\/p>\n<\/div>\n<div class=\"etape-emploi\">\n<h3><a href=\"http:\/\/localhost\/kervrac\/wp-content\/uploads\/2018\/10\/tarage.jpg\"><img loading=\"lazy\" class=\"alignleft size-thumbnail wp-image-373\" src=\"https:\/\/kervrac.fr\/wp-content\/uploads\/2018\/10\/Pesee-plein2-150x150.jpg\" alt=\"\" width=\"150\" height=\"150\" srcset=\"https:\/\/ho-pongo.bzh\/kervrac\/wp-content\/uploads\/2018\/10\/Pesee-plein2-150x150.jpg 150w, https:\/\/ho-pongo.bzh\/kervrac\/wp-content\/uploads\/2018\/10\/Pesee-plein2-75x75.jpg 75w, https:\/\/ho-pongo.bzh\/kervrac\/wp-content\/uploads\/2018\/10\/Pesee-plein2-100x100.jpg 100w, https:\/\/ho-pongo.bzh\/kervrac\/wp-content\/uploads\/2018\/10\/Pesee-plein2.jpg 283w\" sizes=\"(max-width: 150px) 100vw, 150px\" \/><\/a><img loading=\"lazy\" class=\"alignleft size-thumbnail wp-image-374\" src=\"https:\/\/kervrac.fr\/wp-content\/uploads\/2018\/10\/tarage-150x150.jpg\" alt=\"\" width=\"150\" height=\"150\" srcset=\"https:\/\/ho-pongo.bzh\/kervrac\/wp-content\/uploads\/2018\/10\/tarage-150x150.jpg 150w, https:\/\/ho-pongo.bzh\/kervrac\/wp-content\/uploads\/2018\/10\/tarage-75x75.jpg 75w, https:\/\/ho-pongo.bzh\/kervrac\/wp-content\/uploads\/2018\/10\/tarage-100x100.jpg 100w, https:\/\/ho-pongo.bzh\/kervrac\/wp-content\/uploads\/2018\/10\/tarage.jpg 283w\" sizes=\"(max-width: 150px) 100vw, 150px\" \/>Faites pesez vos achats<\/h3>\n<p>Nous pesons vos contenants ferm\u00e9s. Notre balance permet de d\u00e9duire le poids de l&#8217;emballage. Ainsi, le prix \u00e0 payer est celui de ce que vous avez r\u00e9ellement achet\u00e9. C&rsquo;est simple non ?<\/p>\n<\/div>\n<div class=\"etape-emploi\">\n<h3><img loading=\"lazy\" class=\"alignleft size-thumbnail wp-image-375\" src=\"https:\/\/kervrac.fr\/wp-content\/uploads\/2018\/10\/panier-150x150.jpg\" alt=\"\" width=\"150\" height=\"150\" srcset=\"https:\/\/ho-pongo.bzh\/kervrac\/wp-content\/uploads\/2018\/10\/panier-150x150.jpg 150w, https:\/\/ho-pongo.bzh\/kervrac\/wp-content\/uploads\/2018\/10\/panier-75x75.jpg 75w, https:\/\/ho-pongo.bzh\/kervrac\/wp-content\/uploads\/2018\/10\/panier-100x100.jpg 100w, https:\/\/ho-pongo.bzh\/kervrac\/wp-content\/uploads\/2018\/10\/panier.jpg 283w\" sizes=\"(max-width: 150px) 100vw, 150px\" \/>Et le tour est jou\u00e9 !<\/h3>\n<p>Il ne vous reste plus qu&rsquo;\u00e0 remplir vos sacs, cabas, caddies, sacoches de v\u00e9lo.<\/p>\n<\/div>\n<h2>Besoin de conseils ?<\/h2>\n<p>Cela vous parait encore compliqu\u00e9 ? Alors n&rsquo;h\u00e9sitez pas \u00e0 franchir le pas de la boutique Ker&rsquo;vrac. Nous nous ferons un plaisir de vous pr\u00e9senter nos produits. Nous pourrons aussi vous conseiller sur les habitudes \u00e0 adopter pour se simplifier la vie en produisant moins de d\u00e9chets, tout en faisant des \u00e9conomies. Car faites le calcul&#8230; l&#8217;emballage et le marketing, c&rsquo;est 20% du prix de ce que vous achetez en grande surface.<\/p>\n<p><span class=\"texte-gras\">Et puis le jeudi et le samedi, une d\u00e9gustation est offerte. Alors, \u00e0 bient\u00f4t !<\/span><\/p>\n<p><span class=\"texte-gras\"><img loading=\"lazy\" class=\"alignleft size-full wp-image-280\" src=\"https:\/\/kervrac.fr\/wp-content\/uploads\/2018\/10\/degustation.jpg\" alt=\"Une petite d\u00e9gustation chez Ker'Vrac\" width=\"709\" height=\"314\" srcset=\"https:\/\/ho-pongo.bzh\/kervrac\/wp-content\/uploads\/2018\/10\/degustation.jpg 709w, https:\/\/ho-pongo.bzh\/kervrac\/wp-content\/uploads\/2018\/10\/degustation-300x133.jpg 300w, https:\/\/ho-pongo.bzh\/kervrac\/wp-content\/uploads\/2018\/10\/degustation-600x266.jpg 600w\" sizes=\"(max-width: 709px) 100vw, 709px\" \/><\/span><\/p>\n","protected":false},"excerpt":{"rendered":"<p>Acheter en vrac est tout ce qu&rsquo;il y a de plus ais\u00e9. Bien s\u00fbr, cela demande un peu d&rsquo;organisation et de pr\u00e9paration. Mais m\u00eame en cas d&rsquo;impr\u00e9vu, il y a toujours une solution. Voici le mode d&#8217;emploi chez Ker&rsquo;Vrac&#8230; La vente en vrac est un proc\u00e9d\u00e9 qui se d\u00e9veloppe largement dans tous les pays d&rsquo;Europe. C&rsquo;\u00e9tait d&rsquo;ailleurs comme cela que se fournissaient nos parents et grands-parents, avant que le contenant devienne plus important que le contenu lui-m\u00eame. Aujourd&rsquo;hui les grandes marques ne communiquent plus sur les qualit\u00e9s suppos\u00e9es de leurs produits, mais sur l&rsquo;ing\u00e9niosit\u00e9 de leurs nouveaux emballages qui finiront \u00e0 la poubelle ! Le mieux est de distinguer les contenants qui serviront \u00e0 ranger vos produits dans les placards, de ceux qui vous serviront \u00e0 faire vos courses. Vous pouvez ainsi avoir un jeux de bocaux, ou de sacs, pr\u00eats \u00e0 l&#8217;emploi dans votre cabas ou votre panier. Au retour de vos achats vous les transvaserez dans ceux qui sont dans vos placards. Chez Ker\u2019vrac vous pouvez utiliser toutes sortes d\u2019emballages pour faire vos achats : bocaux de verre, bouteilles, bo\u00eetes en m\u00e9tal, \u00ab tup-tups \u00bb, sacs en tissu, sacs en papier de r\u00e9cup\u00e9ration\u2026 L\u2019important est qu\u2019ils soient bien propres. Nous d\u00e9conseillons toutefois certaines bo\u00eetes en plastique dont les composants chimiques pourraient migrer dans les aliments. Si par hasard vous n&rsquo;aviez pas de contenant, pas de panique&#8230; Nous pourrons vous en pr\u00eater. Alors, je fais comment ? Faites peser vos contenants Avant de choisir vos produits vous devez faire peser vos contenants un par un (avec leurs couvercles). Nous notons ensuite son poids sur chaque emballage. Ils peuvent rester marqu\u00e9s jusqu&rsquo;\u00e0 leur prochaine utilisation en boutique. Servez-vous Vous faites votre choix parmi les produits propos\u00e9s en magasin, c\u00e9r\u00e9ales, l\u00e9gumineuses, p\u00e2tes\u2026 Certains produits sont servis dans des tr\u00e9mies, d&rsquo;autres dans les bacs. Vous prenez la juste quantit\u00e9 dont vous avez besoin. Faites pesez vos achats Nous pesons vos contenants ferm\u00e9s. Notre balance permet de d\u00e9duire le poids de l&#8217;emballage. Ainsi, le prix \u00e0 payer est celui de ce que vous avez r\u00e9ellement achet\u00e9. C&rsquo;est simple non ? Et le tour est jou\u00e9 ! Il ne vous reste plus qu&rsquo;\u00e0 remplir vos sacs, cabas, caddies, sacoches de v\u00e9lo. Besoin de conseils ? Cela vous parait encore compliqu\u00e9 ? Alors n&rsquo;h\u00e9sitez pas \u00e0 franchir le pas de la boutique Ker&rsquo;vrac. Nous nous ferons un plaisir de vous pr\u00e9senter nos produits. Nous pourrons aussi vous conseiller sur les habitudes \u00e0 adopter pour se simplifier la vie en produisant moins de d\u00e9chets, tout en faisant des \u00e9conomies. Car faites le calcul&#8230; l&#8217;emballage et le marketing, c&rsquo;est 20% du prix de ce que vous achetez en grande surface. Et puis le jeudi et le samedi, une d\u00e9gustation est offerte. Alors, \u00e0 bient\u00f4t !<\/p>\n","protected":false},"author":1,"featured_media":0,"parent":0,"menu_order":0,"comment_status":"closed","ping_status":"closed","template":"","meta":[],"_links":{"self":[{"href":"https:\/\/ho-pongo.bzh\/kervrac\/wp-json\/wp\/v2\/pages\/19"}],"collection":[{"href":"https:\/\/ho-pongo.bzh\/kervrac\/wp-json\/wp\/v2\/pages"}],"about":[{"href":"https:\/\/ho-pongo.bzh\/kervrac\/wp-json\/wp\/v2\/types\/page"}],"author":[{"embeddable":true,"href":"https:\/\/ho-pongo.bzh\/kervrac\/wp-json\/wp\/v2\/users\/1"}],"replies":[{"embeddable":true,"href":"https:\/\/ho-pongo.bzh\/kervrac\/wp-json\/wp\/v2\/comments?post=19"}],"version-history":[{"count":9,"href":"https:\/\/ho-pongo.bzh\/kervrac\/wp-json\/wp\/v2\/pages\/19\/revisions"}],"predecessor-version":[{"id":969,"href":"https:\/\/ho-pongo.bzh\/kervrac\/wp-json\/wp\/v2\/pages\/19\/revisions\/969"}],"wp:attachment":[{"href":"https:\/\/ho-pongo.bzh\/kervrac\/wp-json\/wp\/v2\/media?parent=19"}],"curies":[{"name":"wp","href":"https:\/\/api.w.org\/{rel}","templated":true}]}}