{"id":21,"date":"2018-07-19T10:30:22","date_gmt":"2018-07-19T08:30:22","guid":{"rendered":"http:\/\/kervrac.fr\/?page_id=21"},"modified":"2019-03-13T16:16:13","modified_gmt":"2019-03-13T15:16:13","slug":"notre-charte","status":"publish","type":"page","link":"https:\/\/ho-pongo.bzh\/kervrac\/notre-charte\/","title":{"rendered":"Notre charte"},"content":{"rendered":"<p>Chez Ker&rsquo;Vrac nous sommes motiv\u00e9s par le respect de l&rsquo;environnement et des personnes. Nous pensons que les choses peuvent changer si on y met un peu du sien. R\u00e9duire ses d\u00e9chets est \u00e0 la port\u00e9e de chacun. En vous proposant des produits issus de l&rsquo;agriculture biologique, en vrac et sans emballage, nous aimerions vous aider \u00e0 y parvenir.<\/p>\n<h2>Nos choix<\/h2>\n<p>Nous s\u00e9lectionnons des produits parmi ceux dont on a le plus besoin au quotidien. Alimentation, hygi\u00e8ne, m\u00e9nage&#8230; Pour la vie de tous les jours ou pour un moment exceptionnel, vous devriez pouvoir trouver satisfaction. De base, ou parfois plus \u00e9labor\u00e9s, ce sont des produits simples, vendus principalement en vrac. L&#8217;emballage n&rsquo;apporte la plupart du temps pas grand chose \u00e0 la qualit\u00e9 de ce que nous achetons&#8230;<\/p>\n<p>Nous avons choisi de favoriser le local car nous sommes persuad\u00e9s que nos achats contribue au dynamisme social et \u00e9conomique de notre r\u00e9gion. Nos produits auront voyag\u00e9 le moins possible. Ils seront de pr\u00e9f\u00e9rence de saison et conserveront ainsi leurs saveurs. Le transport routier contribue largement au r\u00e9chauffement climatique. Consommer local, c&rsquo;est r\u00e9duire son impact carbone.<\/p>\n<p>Le bio a notre pr\u00e9f\u00e9rence. Ce mode de production est respectueux de notre environnement. Il offre des aliments de meilleure qualit\u00e9. La qualit\u00e9 de nos aliments intervient directement sur notre m\u00e9tabolisme. Nos aliments sont nos premiers rem\u00e8des sant\u00e9. Dans le cas des produits qui n&rsquo;existent pas localement, nous privil\u00e9gions l&rsquo;\u00e9quitable. Une information claire vous permet de faire vos propres choix.<\/p>\n<h2>En vrac<\/h2>\n<p>Plus de poubelles qui d\u00e9bordent ! Plus de produits achet\u00e9s en grosses quantit\u00e9 qui p\u00e9rissent. En achetant en vrac, on se simplifie la vie. Il n&rsquo;y rien de plus simple&#8230; On ach\u00e8te seulement ce dont on a besoin en fonction de la taille de son foyer. On ne paye que les produits, pas les emballages qui seront jet\u00e9s. Vos emballages seront durables et r\u00e9utilisables. Acheter en vrac, c&rsquo;est moderne !<\/p>\n<h2>Des ateliers, des \u00e9v\u00e9nements<\/h2>\n<p>Ker&rsquo;Vrac est ouvert \u00e0 tous. Venez vous informer, venez participer. Tout au long\u00a0 de l&rsquo;ann\u00e9e des ateliers vous seront propos\u00e9s. Nous aborderons diff\u00e9rentes th\u00e9matiques pour vous accompagner vers le moins de d\u00e9chets tout en faisant des \u00e9conomies. Vous pourrez apprendre, vous faire aider, partager ou donner des conseils.<\/p>\n<p>Restez inform\u00e9s gr\u00e2ce \u00e0 notre page Facebook des <a class=\"texte-gras\" href=\"https:\/\/www.facebook.com\/KerVrac\/\" target=\"_blank\" rel=\"nofollow noopener\">Amis de Ker&rsquo;Vrac<\/a> ou <a class=\"texte-gras\" href=\"https:\/\/kervrac.fr\/sabonner-a-la-lettre-dinformation\/\" rel=\"nofollow noopener\">en vous abonnant \u00e0 notre news-letter<\/a>.<\/p>\n","protected":false},"excerpt":{"rendered":"<p>Chez Ker&rsquo;Vrac nous sommes motiv\u00e9s par le respect de l&rsquo;environnement et des personnes. Nous pensons que les choses peuvent changer si on y met un peu du sien. R\u00e9duire ses d\u00e9chets est \u00e0 la port\u00e9e de chacun. En vous proposant des produits issus de l&rsquo;agriculture biologique, en vrac et sans emballage, nous aimerions vous aider \u00e0 y parvenir. Nos choix Nous s\u00e9lectionnons des produits parmi ceux dont on a le plus besoin au quotidien. Alimentation, hygi\u00e8ne, m\u00e9nage&#8230; Pour la vie de tous les jours ou pour un moment exceptionnel, vous devriez pouvoir trouver satisfaction. De base, ou parfois plus \u00e9labor\u00e9s, ce sont des produits simples, vendus principalement en vrac. L&#8217;emballage n&rsquo;apporte la plupart du temps pas grand chose \u00e0 la qualit\u00e9 de ce que nous achetons&#8230; Nous avons choisi de favoriser le local car nous sommes persuad\u00e9s que nos achats contribue au dynamisme social et \u00e9conomique de notre r\u00e9gion. Nos produits auront voyag\u00e9 le moins possible. Ils seront de pr\u00e9f\u00e9rence de saison et conserveront ainsi leurs saveurs. Le transport routier contribue largement au r\u00e9chauffement climatique. Consommer local, c&rsquo;est r\u00e9duire son impact carbone. Le bio a notre pr\u00e9f\u00e9rence. Ce mode de production est respectueux de notre environnement. Il offre des aliments de meilleure qualit\u00e9. La qualit\u00e9 de nos aliments intervient directement sur notre m\u00e9tabolisme. Nos aliments sont nos premiers rem\u00e8des sant\u00e9. Dans le cas des produits qui n&rsquo;existent pas localement, nous privil\u00e9gions l&rsquo;\u00e9quitable. Une information claire vous permet de faire vos propres choix. En vrac Plus de poubelles qui d\u00e9bordent ! Plus de produits achet\u00e9s en grosses quantit\u00e9 qui p\u00e9rissent. En achetant en vrac, on se simplifie la vie. Il n&rsquo;y rien de plus simple&#8230; On ach\u00e8te seulement ce dont on a besoin en fonction de la taille de son foyer. On ne paye que les produits, pas les emballages qui seront jet\u00e9s. Vos emballages seront durables et r\u00e9utilisables. Acheter en vrac, c&rsquo;est moderne ! Des ateliers, des \u00e9v\u00e9nements Ker&rsquo;Vrac est ouvert \u00e0 tous. Venez vous informer, venez participer. Tout au long\u00a0 de l&rsquo;ann\u00e9e des ateliers vous seront propos\u00e9s. Nous aborderons diff\u00e9rentes th\u00e9matiques pour vous accompagner vers le moins de d\u00e9chets tout en faisant des \u00e9conomies. Vous pourrez apprendre, vous faire aider, partager ou donner des conseils. Restez inform\u00e9s gr\u00e2ce \u00e0 notre page Facebook des Amis de Ker&rsquo;Vrac ou en vous abonnant \u00e0 notre news-letter.<\/p>\n","protected":false},"author":1,"featured_media":0,"parent":0,"menu_order":0,"comment_status":"closed","ping_status":"closed","template":"","meta":[],"_links":{"self":[{"href":"https:\/\/ho-pongo.bzh\/kervrac\/wp-json\/wp\/v2\/pages\/21"}],"collection":[{"href":"https:\/\/ho-pongo.bzh\/kervrac\/wp-json\/wp\/v2\/pages"}],"about":[{"href":"https:\/\/ho-pongo.bzh\/kervrac\/wp-json\/wp\/v2\/types\/page"}],"author":[{"embeddable":true,"href":"https:\/\/ho-pongo.bzh\/kervrac\/wp-json\/wp\/v2\/users\/1"}],"replies":[{"embeddable":true,"href":"https:\/\/ho-pongo.bzh\/kervrac\/wp-json\/wp\/v2\/comments?post=21"}],"version-history":[{"count":10,"href":"https:\/\/ho-pongo.bzh\/kervrac\/wp-json\/wp\/v2\/pages\/21\/revisions"}],"predecessor-version":[{"id":607,"href":"https:\/\/ho-pongo.bzh\/kervrac\/wp-json\/wp\/v2\/pages\/21\/revisions\/607"}],"wp:attachment":[{"href":"https:\/\/ho-pongo.bzh\/kervrac\/wp-json\/wp\/v2\/media?parent=21"}],"curies":[{"name":"wp","href":"https:\/\/api.w.org\/{rel}","templated":true}]}}