{"id":23,"date":"2018-07-19T10:31:00","date_gmt":"2018-07-19T08:31:00","guid":{"rendered":"http:\/\/kervrac.fr\/?page_id=23"},"modified":"2019-03-13T16:40:54","modified_gmt":"2019-03-13T15:40:54","slug":"plan-du-site","status":"publish","type":"page","link":"https:\/\/ho-pongo.bzh\/kervrac\/plan-du-site\/","title":{"rendered":"Plan du site"},"content":{"rendered":"<h3>Menu principal<\/h3>\n<ul>\n<li><a href=\"https:\/\/kervrac.fr\/\">Accueil<\/a><\/li>\n<li><a href=\"https:\/\/kervrac.fr\/la-boutique\/\">La Boutique<\/a><\/li>\n<li><a href=\"https:\/\/kervrac.fr\/mode-demploi\/\">Mode d&#8217;emploi<\/a><\/li>\n<li><a href=\"&quot;https:\/\/kervrac.fr\/un-large-choix-de-produits-de-qualite\/\">Nos produits<\/a><\/li>\n<li><a href=\"https:\/\/kervrac.fr\/des-partenaires-de-proximite-pour-des-produits-de-qualite\/\">Nos fournisseurs<\/a><\/li>\n<li><a href=\"https:\/\/kervrac.fr\/zero-dechet-ou-presque-je-me-lance\/\">Nos ateliers<\/a><\/li>\n<li><a href=\"https:\/\/kervrac.fr\/category\/blog\/\">Blog<\/a>\n<ul>\n<li><a href=\"https:\/\/kervrac.fr\/category\/blog\/cela-se-passe-chez-kervrac\/\">Chez Ker&rsquo;Vrac<\/a><\/li>\n<li><a href=\"https:\/\/kervrac.fr\/category\/blog\/actualites\/\">Actualit\u00e9s<\/a><\/li>\n<li><a href=\"https:\/\/kervrac.fr\/category\/nos-ateliers\/\">Nos ateliers<\/a><\/li>\n<li><a href=\"https:\/\/kervrac.fr\/category\/blog\/recettes\/\">Recettes<\/a><\/li>\n<li><a href=\"https:\/\/kervrac.fr\/category\/blog\/trucs-et-astuces\/\">Trucs et astuces<\/a><\/li>\n<li><a href=\"https:\/\/kervrac.fr\/category\/blog\/produits\/\">Produits<\/a><\/li>\n<li><a href=\"https:\/\/kervrac.fr\/category\/fournisseurs\/\">Fournisseurs<\/a><\/li>\n<\/ul>\n<\/li>\n<\/ul>\n<h3>Menu social<\/h3>\n<ul>\n<li><a href=\"https:\/\/kervrac.fr\/sabonner-a-la-lettre-dinformation\/\" rel=\"&quot;nofollow\">News-letter<\/a><\/li>\n<li><a href=\"https:\/\/www.facebook.com\/Les-Amis-de-KerVrac-2198302913531868\/\" rel=\"&quot;nofollow\">Facebook<\/a><\/li>\n<\/ul>\n<h3>Menu du bas<\/h3>\n<ul>\n<li><a href=\"https:\/\/kervrac.fr\/mentions-legales\/\" rel=\"&quot;nofollow\">Mentions l\u00e9gales<\/a><\/li>\n<li><a href=\"https:\/\/kervrac.fr\/notre-charte\/\">Notre charte<\/a><\/li>\n<li><a href=\"https:\/\/kervrac.fr\/politique-de-confidentialite\/\" rel=\"&quot;nofollow\">Politique de confidentialit\u00e9<\/a><\/li>\n<li><a href=\"https:\/\/kervrac.fr\/contact\/\" rel=\"&quot;nofollow\">Contact<\/a><\/li>\n<li><a href=\"https:\/\/kervrac.fr\/dans-la-presse\/\">Dans la presse<\/a><\/li>\n<li><a href=\"https:\/\/kervrac.fr\/plan-du-site\/\">Plan du site<\/a><\/li>\n<\/ul>\n","protected":false},"excerpt":{"rendered":"<p>Menu principal Accueil La Boutique Mode d&#8217;emploi Nos produits Nos fournisseurs Nos ateliers Blog Chez Ker&rsquo;Vrac Actualit\u00e9s Nos ateliers Recettes Trucs et astuces Produits Fournisseurs Menu social News-letter Facebook Menu du bas Mentions l\u00e9gales Notre charte Politique de confidentialit\u00e9 Contact Dans la presse Plan du site<\/p>\n","protected":false},"author":1,"featured_media":0,"parent":0,"menu_order":0,"comment_status":"closed","ping_status":"closed","template":"","meta":[],"_links":{"self":[{"href":"https:\/\/ho-pongo.bzh\/kervrac\/wp-json\/wp\/v2\/pages\/23"}],"collection":[{"href":"https:\/\/ho-pongo.bzh\/kervrac\/wp-json\/wp\/v2\/pages"}],"about":[{"href":"https:\/\/ho-pongo.bzh\/kervrac\/wp-json\/wp\/v2\/types\/page"}],"author":[{"embeddable":true,"href":"https:\/\/ho-pongo.bzh\/kervrac\/wp-json\/wp\/v2\/users\/1"}],"replies":[{"embeddable":true,"href":"https:\/\/ho-pongo.bzh\/kervrac\/wp-json\/wp\/v2\/comments?post=23"}],"version-history":[{"count":9,"href":"https:\/\/ho-pongo.bzh\/kervrac\/wp-json\/wp\/v2\/pages\/23\/revisions"}],"predecessor-version":[{"id":972,"href":"https:\/\/ho-pongo.bzh\/kervrac\/wp-json\/wp\/v2\/pages\/23\/revisions\/972"}],"wp:attachment":[{"href":"https:\/\/ho-pongo.bzh\/kervrac\/wp-json\/wp\/v2\/media?parent=23"}],"curies":[{"name":"wp","href":"https:\/\/api.w.org\/{rel}","templated":true}]}}