{"id":25,"date":"2018-07-19T10:31:33","date_gmt":"2018-07-19T08:31:33","guid":{"rendered":"http:\/\/kervrac.fr\/?page_id=25"},"modified":"2018-09-20T15:12:39","modified_gmt":"2018-09-20T13:12:39","slug":"politique-de-confidentialite","status":"publish","type":"page","link":"https:\/\/ho-pongo.bzh\/kervrac\/politique-de-confidentialite\/","title":{"rendered":"Politique de confidentialit\u00e9"},"content":{"rendered":"<h2>Qui sommes-nous\u00a0?<\/h2>\n<p>Ker&rsquo;vrac est une soci\u00e9t\u00e9 sise \u00e0 Pont-l&rsquo;Abb\u00e9, dans le Finist\u00e8re en Bretagne. L\u2019adresse de son site Web est\u00a0: <a href=\"https:\/\/kervrac.fr\/\">https:\/\/kervrac.fr<\/a>.<br \/>\nCe site Internet a vocation \u00e0 entretenir un rapport privil\u00e9gi\u00e9 avec les clients du magasin. Il souhaite aussi permettre un \u00e9change de conseils et bonnes pratiques entre les clients eux-m\u00eames.<\/p>\n<h2>Les donn\u00e9es collect\u00e9es<\/h2>\n<p>Afin de pouvoir am\u00e9liorer l&rsquo;exp\u00e9rience des utilisateurs et de les satisfaire, des informations \u00e0 caract\u00e8re personnel peuvent \u00eatre collect\u00e9es. Ceci se fait de mani\u00e8re automatique \u00e0 l&rsquo;aide de cookies, et lors d&rsquo;interactions (commentaires sur le blog, formulaires de contact).<\/p>\n<p>Les cookies sont des petits fichiers qui sont d\u00e9pos\u00e9s sur votre ordinateur, parfois \u00e0 votre insu. Ils permettent de vous reconna\u00eetre lors de vos visites.<\/p>\n<p>Le nouveau r\u00e8glement europ\u00e9en relatif \u00e0 la protection des donn\u00e9es (RGPD) donne aux internautes le droit de conna\u00eetre le type de donn\u00e9es qui est collect\u00e9. Ils peuvent y avoir acc\u00e8s et demander leur \u00e9limination.<\/p>\n<p>Conform\u00e9ment \u00e0 la l\u00e9gislation, Vous pouvez vous opposer \u00e0 l&rsquo;enregistrement de cookies sur votre poste lors de l&rsquo;acc\u00e8s au site Ker&rsquo;vrac. Il est aussi possible de le faire en param\u00e9trant les pr\u00e9f\u00e9rences de votre navigateur. La navigation peut cependant \u00eatre moins confortable dans certains cas.<\/p>\n<h3>Statistiques et mesures d\u2019audience<\/h3>\n<p>Le site Ker&rsquo;vrac utilise les services de Google Analytics. Ceux-ci permettent d&rsquo;avoir une vision d\u00e9taill\u00e9e de la provenance des visiteurs, du type de terminal utilis\u00e9 (device), du moment de la visite, des informations recherch\u00e9es&#8230;<br \/>\nCes informations sont utiles pour am\u00e9liorer la navigation, mais aussi pour proposer des contenus pertinents.<\/p>\n<h3>Commentaires<\/h3>\n<p>Les commentaires sont mod\u00e9r\u00e9s avant publication. Quand vous laissez un commentaire sur notre site web, les information recueillies par formulaire de commentaire, votre adresse IP et l\u2019agent utilisateur de votre navigateur sont collect\u00e9s pour nous aider \u00e0 la d\u00e9tection des commentaires ind\u00e9sirables.<\/p>\n<h3>Formulaires de contact<\/h3>\n<p>Les informations que vous communiquez \u00e0 l&rsquo;aide du formulaire de contact sont conserv\u00e9es afin de pouvoir r\u00e9pondre ou apporter ult\u00e9rieurement un compl\u00e9ment d&rsquo;information. Elles ne sont pas utilis\u00e9es, sauf demande expresse, pour l&rsquo;inscription \u00e0 la news-letter.<\/p>\n<h3>Abonnement \u00e0 la news-letter<\/h3>\n<p>L&rsquo;abonnement \u00e0 la lettre d&rsquo;information se fait par opt-in. Vous pouvez \u00e0 tout moment vous d\u00e9sabonner, soit en cliquant sur le lien figurant dans l&rsquo;envoi, soit par simple demande.<\/p>\n<p>Pour l&rsquo;envoi d&rsquo;e-mail, Ker&rsquo;vrac utilise les services de la soci\u00e9t\u00e9 fran\u00e7aise Sendinblue.<\/p>\n<h3>Partage de contenu sur Facebook<\/h3>\n<p>Lors du partage de contenu sur Facebook, il est suppos\u00e9 que vous acceptez les conditions d&rsquo;utilisation des services de ladite soci\u00e9t\u00e9 et de l&rsquo;usage qu&rsquo;elle fait des donn\u00e9es collect\u00e9es.<\/p>\n<h2>Utilisation des donn\u00e9es personnelles collect\u00e9es<\/h2>\n<p>Les informations collect\u00e9es sont utilis\u00e9es par Ker&rsquo;Vrac pour am\u00e9liorer son service et r\u00e9pondre au mieux au attentes et besoins de ses visiteurs.<\/p>\n<p>Ces informations ne seront en aucun cas communiqu\u00e9es \u00e0 des tiers, except\u00e9 dans les cas sus-mentionn\u00e9s.<\/p>\n<p>Ces informations ne serviront pas \u00e0 d&rsquo;autres fin que celle pour laquelle elles ont \u00e9t\u00e9 communiqu\u00e9es. En effet, vous ne serez pas automatiquement abonn\u00e9 \u00e0 la news-letter si vous demandez une information \u00e0 l&rsquo;aide du formulaire de contact.<\/p>\n<h2>Dur\u00e9es de stockage de vos donn\u00e9es<\/h2>\n<p>Si vous laissez un commentaire, le commentaire et ses m\u00e9tadonn\u00e9es sont conserv\u00e9s ind\u00e9finiment. Cela permet de reconna\u00eetre et approuver automatiquement les commentaires suivants au lieu de les laisser dans la file de mod\u00e9ration.\u00a0Vous pouvez toutefois demander leur \u00e9limination \u00e0 tout moment.<\/p>\n<h2>Les droits que vous avez sur vos donn\u00e9es<\/h2>\n<p>Si vous avez un compte ou si vous avez laiss\u00e9 des commentaires sur le site, vous pouvez demander \u00e0 recevoir un fichier contenant toutes les donn\u00e9es personnelles que nous poss\u00e9dons \u00e0 votre sujet, incluant celles que vous nous avez fournies. Vous pouvez \u00e9galement demander la suppression des donn\u00e9es personnelles vous concernant. Cela ne prend pas en compte les donn\u00e9es stock\u00e9es \u00e0 des fins administratives, l\u00e9gales ou pour des raisons de s\u00e9curit\u00e9.<\/p>\n<p>&nbsp;<\/p>\n<p><!-- Une cha\u00eene anonymis\u00e9e cr\u00e9\u00e9e \u00e0 partir de votre adresse de messagerie (\u00e9galement appel\u00e9e hash) peut \u00eatre envoy\u00e9e au service Gravatar pour v\u00e9rifier si vous utilisez ce dernier. Les clauses de confidentialit\u00e9 du service Gravatar sont disponibles ici\u00a0: https:\/\/automattic.com\/privacy\/. Apr\u00e8s validation de votre commentaire, votre photo de profil sera visible publiquement \u00e0 cot\u00e9 de votre commentaire.\n\n\n<h3>M\u00e9dias<\/h3>\n\n\nSi vous \u00eates un utilisateur ou une utilisatrice enregistr\u00e9\u00b7e et que vous t\u00e9l\u00e9versez des images sur le site web, nous vous conseillons d\u2019\u00e9viter de t\u00e9l\u00e9verser des images contenant des donn\u00e9es EXIF de coordonn\u00e9es GPS. Les visiteurs de votre site web peuvent t\u00e9l\u00e9charger et extraire des donn\u00e9es de localisation depuis ces images.\n\n\n<h3>Formulaires de contact<\/h3>\n\n\n\n\n<h3>Cookies<\/h3>\n\n\nSi vous d\u00e9posez un commentaire sur notre site, il vous sera propos\u00e9 d\u2019enregistrer votre nom, adresse de messagerie et site web dans des cookies. C\u2019est uniquement pour votre confort afin de ne pas avoir \u00e0 saisir ces informations si vous d\u00e9posez un autre commentaire plus tard. Ces cookies expirent au bout d\u2019un an.\n\nSi vous avez un compte et que vous vous connectez sur ce site, un cookie temporaire sera cr\u00e9\u00e9 afin de d\u00e9terminer si votre navigateur accepte les cookies. Il ne contient pas de donn\u00e9es personnelles et sera supprim\u00e9 automatiquement \u00e0 la fermeture de votre navigateur.\n\nLorsque vous vous connecterez, nous mettrons en place un certain nombre de cookies pour enregistrer vos informations de connexion et vos pr\u00e9f\u00e9rences d\u2019\u00e9cran. La dur\u00e9e de vie d\u2019un cookie de connexion est de deux jours, celle d\u2019un cookie d\u2019option d\u2019\u00e9cran est d\u2019un an. Si vous cochez \u00ab\u00a0Se souvenir de moi\u00a0\u00bb, votre cookie de connexion sera conserv\u00e9 pendant deux semaines. Si vous vous d\u00e9connectez de votre compte, le cookie de connexion sera effac\u00e9.\n\nEn modifiant ou en publiant un article, un cookie suppl\u00e9mentaire sera enregistr\u00e9 dans votre navigateur. Ce cookie ne comprend aucune donn\u00e9e personnelle. Il indique simplement l\u2019identifiant de l\u2019article que vous venez de modifier. Il expire au bout d\u2019un jour.\n\n\n<h3>Contenu embarqu\u00e9 depuis<span data-mce-type=\"bookmark\" class=\"mce_SELRES_start\"><\/span> d\u2019autres sites<\/h3>\n\n\nLes articles de ce site peuvent inclure des contenus int\u00e9gr\u00e9s (par exemple des vid\u00e9os, images, articles\u2026). Le contenu int\u00e9gr\u00e9 depuis d\u2019autres sites se comporte de la m\u00eame mani\u00e8re que si le visiteur se rendait sur cet autre site.\n\nCes sites web pourraient collecter des donn\u00e9es sur vous, utiliser des cookies, embarquer des outils de suivis tiers, suivre vos interactions avec ces contenus embarqu\u00e9s si vous disposez d\u2019un compte connect\u00e9 sur leur site web.\n\n\n<h3><\/h3>\n\n\n\n\n<h2>Utilisation et transmission de vos donn\u00e9es personnelles<\/h2>\n\n\n\n\n<h2>Dur\u00e9es de stockage de vos donn\u00e9es<\/h2>\n\n\nSi vous laissez un commentaire, le commentaire et ses m\u00e9tadonn\u00e9es sont conserv\u00e9s ind\u00e9finiment. Cela permet de reconna\u00eetre et approuver automatiquement les commentaires suivants au lieu de les laisser dans la file de mod\u00e9ration.\n\nPour les utilisateurs et utilisatrices qui s\u2019enregistrent sur notre site (si cela est possible), nous stockons \u00e9galement les donn\u00e9es personnelles indiqu\u00e9es dans leur profil. Tous les utilisateurs et utilisatrices peuvent voir, modifier ou supprimer leurs informations personnelles \u00e0 tout moment (\u00e0 l\u2019exception de leur nom d\u2019utilisateur\u00b7ice). Les gestionnaires du site peuvent aussi voir et modifier ces informations.\n\n&nbsp;\n\n\n<h2>Transmission de vos donn\u00e9es personnelles<\/h2>\n\n\nLes commentaires des visiteurs peuvent \u00eatre v\u00e9rifi\u00e9s \u00e0 l\u2019aide d\u2019un service automatis\u00e9 de d\u00e9tection des commentaires ind\u00e9sirables.\n\n\n<h2>Informations de contact<\/h2>\n\n\n\n\n<h2>Informations suppl\u00e9mentaires<\/h2>\n\n\n\n\n<h3>Comment nous prot\u00e9geons vos donn\u00e9es<\/h3>\n\n\n\n\n<h3>Proc\u00e9dures mises en \u0153uvre en cas de fuite de donn\u00e9es<\/h3>\n\n\n\n\n<h3>Les services tiers qui nous transmettent des donn\u00e9es<\/h3>\n\n\n\n\n<h3>Op\u00e9rations de marketing automatis\u00e9 et\/ou de profilage r\u00e9alis\u00e9es \u00e0 l\u2019aide des donn\u00e9es personnelles<\/h3>\n\n\n\n\n<h3>Affichage des informations li\u00e9es aux secteurs soumis \u00e0 des r\u00e9gulations sp\u00e9cifiques<\/h3>\n\n\n--><\/p>\n","protected":false},"excerpt":{"rendered":"<p>Qui sommes-nous\u00a0? Ker&rsquo;vrac est une soci\u00e9t\u00e9 sise \u00e0 Pont-l&rsquo;Abb\u00e9, dans le Finist\u00e8re en Bretagne. L\u2019adresse de son site Web est\u00a0: https:\/\/kervrac.fr. Ce site Internet a vocation \u00e0 entretenir un rapport privil\u00e9gi\u00e9 avec les clients du magasin. Il souhaite aussi permettre un \u00e9change de conseils et bonnes pratiques entre les clients eux-m\u00eames. Les donn\u00e9es collect\u00e9es Afin de pouvoir am\u00e9liorer l&rsquo;exp\u00e9rience des utilisateurs et de les satisfaire, des informations \u00e0 caract\u00e8re personnel peuvent \u00eatre collect\u00e9es. Ceci se fait de mani\u00e8re automatique \u00e0 l&rsquo;aide de cookies, et lors d&rsquo;interactions (commentaires sur le blog, formulaires de contact). Les cookies sont des petits fichiers qui sont d\u00e9pos\u00e9s sur votre ordinateur, parfois \u00e0 votre insu. Ils permettent de vous reconna\u00eetre lors de vos visites. Le nouveau r\u00e8glement europ\u00e9en relatif \u00e0 la protection des donn\u00e9es (RGPD) donne aux internautes le droit de conna\u00eetre le type de donn\u00e9es qui est collect\u00e9. Ils peuvent y avoir acc\u00e8s et demander leur \u00e9limination. Conform\u00e9ment \u00e0 la l\u00e9gislation, Vous pouvez vous opposer \u00e0 l&rsquo;enregistrement de cookies sur votre poste lors de l&rsquo;acc\u00e8s au site Ker&rsquo;vrac. Il est aussi possible de le faire en param\u00e9trant les pr\u00e9f\u00e9rences de votre navigateur. La navigation peut cependant \u00eatre moins confortable dans certains cas. Statistiques et mesures d\u2019audience Le site Ker&rsquo;vrac utilise les services de Google Analytics. Ceux-ci permettent d&rsquo;avoir une vision d\u00e9taill\u00e9e de la provenance des visiteurs, du type de terminal utilis\u00e9 (device), du moment de la visite, des informations recherch\u00e9es&#8230; Ces informations sont utiles pour am\u00e9liorer la navigation, mais aussi pour proposer des contenus pertinents. Commentaires Les commentaires sont mod\u00e9r\u00e9s avant publication. Quand vous laissez un commentaire sur notre site web, les information recueillies par formulaire de commentaire, votre adresse IP et l\u2019agent utilisateur de votre navigateur sont collect\u00e9s pour nous aider \u00e0 la d\u00e9tection des commentaires ind\u00e9sirables. Formulaires de contact Les informations que vous communiquez \u00e0 l&rsquo;aide du formulaire de contact sont conserv\u00e9es afin de pouvoir r\u00e9pondre ou apporter ult\u00e9rieurement un compl\u00e9ment d&rsquo;information. Elles ne sont pas utilis\u00e9es, sauf demande expresse, pour l&rsquo;inscription \u00e0 la news-letter. Abonnement \u00e0 la news-letter L&rsquo;abonnement \u00e0 la lettre d&rsquo;information se fait par opt-in. Vous pouvez \u00e0 tout moment vous d\u00e9sabonner, soit en cliquant sur le lien figurant dans l&rsquo;envoi, soit par simple demande. Pour l&rsquo;envoi d&rsquo;e-mail, Ker&rsquo;vrac utilise les services de la soci\u00e9t\u00e9 fran\u00e7aise Sendinblue. Partage de contenu sur Facebook Lors du partage de contenu sur Facebook, il est suppos\u00e9 que vous acceptez les conditions d&rsquo;utilisation des services de ladite soci\u00e9t\u00e9 et de l&rsquo;usage qu&rsquo;elle fait des donn\u00e9es collect\u00e9es. Utilisation des donn\u00e9es personnelles collect\u00e9es Les informations collect\u00e9es sont utilis\u00e9es par Ker&rsquo;Vrac pour am\u00e9liorer son service et r\u00e9pondre au mieux au attentes et besoins de ses visiteurs. Ces informations ne seront en aucun cas communiqu\u00e9es \u00e0 des tiers, except\u00e9 dans les cas sus-mentionn\u00e9s. Ces informations ne serviront pas \u00e0 d&rsquo;autres fin que celle pour laquelle elles ont \u00e9t\u00e9 communiqu\u00e9es. En effet, vous ne serez pas automatiquement abonn\u00e9 \u00e0 la news-letter si vous demandez une information \u00e0 l&rsquo;aide du formulaire de contact. Dur\u00e9es de stockage de vos donn\u00e9es Si vous laissez un commentaire, le commentaire et ses m\u00e9tadonn\u00e9es sont conserv\u00e9s ind\u00e9finiment. Cela permet de reconna\u00eetre et approuver automatiquement les commentaires suivants au lieu de les laisser dans la file de mod\u00e9ration.\u00a0Vous pouvez toutefois demander leur \u00e9limination \u00e0 tout moment. Les droits que vous avez sur vos donn\u00e9es Si vous avez un compte ou si vous avez laiss\u00e9 des commentaires sur le site, vous pouvez demander \u00e0 recevoir un fichier contenant toutes les donn\u00e9es personnelles que nous poss\u00e9dons \u00e0 votre sujet, incluant celles que vous nous avez fournies. Vous pouvez \u00e9galement demander la suppression des donn\u00e9es personnelles vous concernant. Cela ne prend pas en compte les donn\u00e9es stock\u00e9es \u00e0 des fins administratives, l\u00e9gales ou pour des raisons de s\u00e9curit\u00e9. &nbsp;<\/p>\n","protected":false},"author":1,"featured_media":0,"parent":0,"menu_order":0,"comment_status":"closed","ping_status":"closed","template":"","meta":[],"_links":{"self":[{"href":"https:\/\/ho-pongo.bzh\/kervrac\/wp-json\/wp\/v2\/pages\/25"}],"collection":[{"href":"https:\/\/ho-pongo.bzh\/kervrac\/wp-json\/wp\/v2\/pages"}],"about":[{"href":"https:\/\/ho-pongo.bzh\/kervrac\/wp-json\/wp\/v2\/types\/page"}],"author":[{"embeddable":true,"href":"https:\/\/ho-pongo.bzh\/kervrac\/wp-json\/wp\/v2\/users\/1"}],"replies":[{"embeddable":true,"href":"https:\/\/ho-pongo.bzh\/kervrac\/wp-json\/wp\/v2\/comments?post=25"}],"version-history":[{"count":4,"href":"https:\/\/ho-pongo.bzh\/kervrac\/wp-json\/wp\/v2\/pages\/25\/revisions"}],"predecessor-version":[{"id":210,"href":"https:\/\/ho-pongo.bzh\/kervrac\/wp-json\/wp\/v2\/pages\/25\/revisions\/210"}],"wp:attachment":[{"href":"https:\/\/ho-pongo.bzh\/kervrac\/wp-json\/wp\/v2\/media?parent=25"}],"curies":[{"name":"wp","href":"https:\/\/api.w.org\/{rel}","templated":true}]}}