{"id":29,"date":"2018-07-19T10:33:15","date_gmt":"2018-07-19T08:33:15","guid":{"rendered":"http:\/\/kervrac.fr\/?page_id=29"},"modified":"2019-03-13T17:04:11","modified_gmt":"2019-03-13T16:04:11","slug":"sabonner-a-la-lettre-dinformation","status":"publish","type":"page","link":"https:\/\/ho-pongo.bzh\/kervrac\/sabonner-a-la-lettre-dinformation\/","title":{"rendered":"S&rsquo;abonner \u00e0 la lettre d&rsquo;information"},"content":{"rendered":"<p>En vous inscrivant \u00e0 cette info-lettre, vous serez aussi inform\u00e9s de toute notre actualit\u00e9 : nouveaux produits, nouveaux fournisseurs&#8230;<\/p>\n<p>Nous vous pr\u00e9viendrons aussi des dates de nos prochains ateliers qui vous permettront de vous initier ou de vous perfectionner dans votre cheminement vers le \u00ab\u00a0z\u00e9ro d\u00e9chet\u00a0\u00bb.<\/p>\n<p>[sibwp_form id=1]<\/p>\n<p>Pour permettre l&rsquo;envoi de cette news-letter, Ker&rsquo;vrac utilise les services de la soci\u00e9t\u00e9 fran\u00e7aise <a href=\"https:\/\/fr.sendinblue.com\/\" target=\"_blank\" rel=\"nofollow noopener\">Sendinblue<\/a>.<\/p>\n<p><span class=\"texte-gras\">Vous pouvez aussi consulter notre actualit\u00e9 en vous abonnant \u00e0 la <a href=\"https:\/\/www.facebook.com\/Les-Amis-de-KerVrac-2198302913531868\/\">page Facebook des Amis de Ker&rsquo;vrac<\/a>.<\/span><\/p>\n<p>&nbsp;<\/p>\n","protected":false},"excerpt":{"rendered":"<p>En vous inscrivant \u00e0 cette info-lettre, vous serez aussi inform\u00e9s de toute notre actualit\u00e9 : nouveaux produits, nouveaux fournisseurs&#8230; Nous vous pr\u00e9viendrons aussi des dates de nos prochains ateliers qui vous permettront de vous initier ou de vous perfectionner dans votre cheminement vers le \u00ab\u00a0z\u00e9ro d\u00e9chet\u00a0\u00bb. [sibwp_form id=1] Pour permettre l&rsquo;envoi de cette news-letter, Ker&rsquo;vrac utilise les services de la soci\u00e9t\u00e9 fran\u00e7aise Sendinblue. Vous pouvez aussi consulter notre actualit\u00e9 en vous abonnant \u00e0 la page Facebook des Amis de Ker&rsquo;vrac. &nbsp;<\/p>\n","protected":false},"author":1,"featured_media":0,"parent":0,"menu_order":0,"comment_status":"closed","ping_status":"closed","template":"","meta":[],"_links":{"self":[{"href":"https:\/\/ho-pongo.bzh\/kervrac\/wp-json\/wp\/v2\/pages\/29"}],"collection":[{"href":"https:\/\/ho-pongo.bzh\/kervrac\/wp-json\/wp\/v2\/pages"}],"about":[{"href":"https:\/\/ho-pongo.bzh\/kervrac\/wp-json\/wp\/v2\/types\/page"}],"author":[{"embeddable":true,"href":"https:\/\/ho-pongo.bzh\/kervrac\/wp-json\/wp\/v2\/users\/1"}],"replies":[{"embeddable":true,"href":"https:\/\/ho-pongo.bzh\/kervrac\/wp-json\/wp\/v2\/comments?post=29"}],"version-history":[{"count":17,"href":"https:\/\/ho-pongo.bzh\/kervrac\/wp-json\/wp\/v2\/pages\/29\/revisions"}],"predecessor-version":[{"id":388,"href":"https:\/\/ho-pongo.bzh\/kervrac\/wp-json\/wp\/v2\/pages\/29\/revisions\/388"}],"wp:attachment":[{"href":"https:\/\/ho-pongo.bzh\/kervrac\/wp-json\/wp\/v2\/media?parent=29"}],"curies":[{"name":"wp","href":"https:\/\/api.w.org\/{rel}","templated":true}]}}