{"id":42,"date":"2018-07-19T15:05:19","date_gmt":"2018-07-19T13:05:19","guid":{"rendered":"http:\/\/kervrac.fr\/?page_id=42"},"modified":"2019-03-13T17:07:25","modified_gmt":"2019-03-13T16:07:25","slug":"la-boutique","status":"publish","type":"page","link":"https:\/\/ho-pongo.bzh\/kervrac\/la-boutique\/","title":{"rendered":"Votre \u00e9picerie z\u00e9ro d\u00e9chet <br>\u00e0 Pont-l&rsquo;Abb\u00e9"},"content":{"rendered":"<p>Ker&rsquo;Vrac est une \u00e9picerie z\u00e9ro d\u00e9chet, g\u00e9n\u00e9raliste, vrac et sans emballage. Elle se trouve 2 rue Jean Le Berre \u00e0 Pont-l&rsquo;Abb\u00e9, capitale du Pays Bigouden. Elle est \u00e0 seulement quelques m\u00e8tres du ch\u00e2teau et du mus\u00e9e bigouden.<\/p>\n<p><a href=\"https:\/\/kervrac.fr\/wp-content\/uploads\/2018\/10\/PA046212.jpg\"><img loading=\"lazy\" class=\"aligncenter wp-image-275 size-full\" src=\"https:\/\/kervrac.fr\/wp-content\/uploads\/2018\/10\/PA046212.jpg\" alt=\"\" width=\"709\" height=\"314\" srcset=\"https:\/\/ho-pongo.bzh\/kervrac\/wp-content\/uploads\/2018\/10\/PA046212.jpg 709w, https:\/\/ho-pongo.bzh\/kervrac\/wp-content\/uploads\/2018\/10\/PA046212-300x133.jpg 300w, https:\/\/ho-pongo.bzh\/kervrac\/wp-content\/uploads\/2018\/10\/PA046212-600x266.jpg 600w\" sizes=\"(max-width: 709px) 100vw, 709px\" \/><\/a><\/p>\n<h2>Du local&#8230;<\/h2>\n<p>En plein c\u0153ur de ville, Ker&rsquo;Vrac compl\u00e8te l\u2019offre commerciale du bourg de Pont-l\u2019Abb\u00e9. Elle vous propose tous les produits dont vous pouvez avoir besoin pour vous nourrir, prendre soin de vous ou de votre int\u00e9rieur. En poussant la porte, vous trouverez un tr\u00e8s large choix de produits alimentaires, d&rsquo;hygi\u00e8ne ou de m\u00e9nage, sp\u00e9cialement s\u00e9lectionn\u00e9s chez des producteurs locaux ou au plus proche.<\/p>\n<p>Nous avons \u00e0 c\u0153ur de vous proposer des produits de qualit\u00e9, bio et de saison. N&rsquo;h\u00e9sitez pas \u00e0 nous suivre <a href=\"https:\/\/www.facebook.com\/KerVrac\/\">sur notre page Facebook Les Amis de Ker&rsquo;Vrac<\/a> ou <a href=\"https:\/\/kervrac.fr\/sabonner-a-la-lettre-dinformation\/\">\u00e0 vous abonner \u00e0 notre news-letter<\/a> pour \u00eatre inform\u00e9s des arrivages.<\/p>\n<p>Un service de paniers \u00e0 venir chercher \u00e0 la boutique est en cours de pr\u00e9paration. Nous vous en dirons plus utlt\u00e9rieurement.<\/p>\n<h2>&#8230; au bocal<\/h2>\n<p>Chez Ker\u2019Vrac, il n\u2019y a pas d\u2019emballages superflus. Il n\u2019y a pas de d\u00e9chets en plastique qui feront d\u00e9border vos poubelles. Nos produits sont propos\u00e9s en vrac, au poids et au juste prix. C\u2019est seulement vous qui amenez les emballages, les contenants\u2026<\/p>\n<p>C\u2019est la mani\u00e8re la plus moderne de faire ses courses, celle qui ne produit pas de d\u00e9chets. Les emballages sont utiles et pratiques, mais les emballages jetables sont une catastrophe pour la plan\u00e8te. La majorit\u00e9 d\u2019entre eux ne sont pas recyclables. Ils sont incin\u00e9r\u00e9s ou finissent dans les oc\u00e9ans.<\/p>\n<p>Alors chez Ker\u2019Vrac nous avons choisi une autre mani\u00e8re de faire ses achats. Nous vous proposons d\u2019utiliser des emballages r\u00e9utilisables. C\u2019est une mani\u00e8re respectueuse de l\u2019environnement, de nos enfants.<\/p>\n<p style=\"text-align: center;\"><div class='white' style='background:rgba(0,0,0,0); border:solid 0px rgba(0,0,0,0); border-radius:0px; padding:0px 0px 0px 0px;'>\n<div id='slider_265' class='owl-carousel sa_owl_theme owl-pagination-true' data-slider-id='slider_265' style='visibility:hidden;'>\n<div id='slider_265_slide01' class='sa_hover_container' style='padding:5% 5%; margin:0px 0%; background-image:url(&quot;https:\/\/ho-pongo.bzh\/kervrac\/wp-content\/uploads\/2018\/10\/boutique-interieur09.jpg&quot;); background-position:left top; background-size:contain; background-repeat:no-repeat; '><\/div>\n<div id='slider_265_slide02' class='sa_hover_container' style='padding:5% 5%; margin:0px 0%; background-image:url(&quot;https:\/\/ho-pongo.bzh\/kervrac\/wp-content\/uploads\/2018\/10\/boutique-interieur08.jpg&quot;); background-position:left top; background-size:contain; background-repeat:no-repeat; '><\/div>\n<div id='slider_265_slide03' class='sa_hover_container' style='padding:5% 5%; margin:0px 0%; background-image:url(&quot;https:\/\/ho-pongo.bzh\/kervrac\/wp-content\/uploads\/2018\/10\/boutique-interieur07.jpg&quot;); background-position:left top; background-size:contain; background-repeat:no-repeat; '><\/div>\n<div id='slider_265_slide04' class='sa_hover_container' style='padding:5% 5%; margin:0px 0%; background-image:url(&quot;https:\/\/ho-pongo.bzh\/kervrac\/wp-content\/uploads\/2018\/10\/boutique-interieur06.jpg&quot;); background-position:left top; background-size:contain; background-repeat:no-repeat; '><\/div>\n<div id='slider_265_slide05' class='sa_hover_container' style='padding:5% 5%; margin:0px 0%; background-image:url(&quot;https:\/\/ho-pongo.bzh\/kervrac\/wp-content\/uploads\/2018\/10\/boutique-interieur02.jpg&quot;); background-position:left top; background-size:contain; background-repeat:no-repeat; '><\/div>\n<div id='slider_265_slide06' class='sa_hover_container' style='padding:5% 5%; margin:0px 0%; background-image:url(&quot;https:\/\/ho-pongo.bzh\/kervrac\/wp-content\/uploads\/2018\/10\/boutique-interieur03.jpg&quot;); background-position:left top; background-size:contain; background-repeat:no-repeat; '><\/div>\n<div id='slider_265_slide07' class='sa_hover_container' style='padding:5% 5%; margin:0px 0%; background-image:url(&quot;https:\/\/ho-pongo.bzh\/kervrac\/wp-content\/uploads\/2018\/10\/boutique-interieur01.jpg&quot;); background-position:left top; background-size:contain; background-repeat:no-repeat; '><\/div>\n<div id='slider_265_slide08' class='sa_hover_container' style='padding:5% 5%; margin:0px 0%; background-image:url(&quot;https:\/\/ho-pongo.bzh\/kervrac\/wp-content\/uploads\/2018\/10\/boutique-interieur05.jpg&quot;); background-position:left top; background-size:contain; background-repeat:no-repeat; '><\/div>\n<div id='slider_265_slide09' class='sa_hover_container' style='padding:5% 5%; margin:0px 0%; background-image:url(&quot;https:\/\/ho-pongo.bzh\/kervrac\/wp-content\/uploads\/2018\/10\/boutique-interieur04.jpg&quot;); background-position:left top; background-size:contain; background-repeat:no-repeat; '><\/div>\n<\/div>\n<\/div>\n<script type='text\/javascript'>\n\tjQuery(document).ready(function() {\n\t\tjQuery('#slider_265').owlCarousel({\n\t\t\titems : 1,\n\t\t\tsmartSpeed : 200,\n\t\t\tautoplay : true,\n\t\t\tautoplayTimeout : 5000,\n\t\t\tautoplayHoverPause : true,\n\t\t\tsmartSpeed : 200,\n\t\t\tfluidSpeed : 200,\n\t\t\tautoplaySpeed : 200,\n\t\t\tnavSpeed : 200,\n\t\t\tdotsSpeed : 200,\n\t\t\tloop : true,\n\t\t\tnav : true,\n\t\t\tnavText : ['',''],\n\t\t\tdots : true,\n\t\t\tresponsiveRefreshRate : 200,\n\t\t\tslideBy : 1,\n\t\t\tmergeFit : true,\n\t\t\tautoHeight : false,\n\t\t\tmouseDrag : true,\n\t\t\ttouchDrag : true\n\t\t});\n\t\tjQuery('#slider_265').css('visibility', 'visible');\n\t\tsa_resize_slider_265();\n\t\twindow.addEventListener('resize', sa_resize_slider_265);\n\t\tfunction sa_resize_slider_265() {\n\t\t\tvar min_height = '50';\n\t\t\tvar win_width = jQuery(window).width();\n\t\t\tvar slider_width = jQuery('#slider_265').width();\n\t\t\tif (win_width < 480) {\n\t\t\t\tvar slide_width = slider_width \/ 1;\n\t\t\t} else if (win_width < 768) {\n\t\t\t\tvar slide_width = slider_width \/ 1;\n\t\t\t} else if (win_width < 980) {\n\t\t\t\tvar slide_width = slider_width \/ 1;\n\t\t\t} else if (win_width < 1200) {\n\t\t\t\tvar slide_width = slider_width \/ 1;\n\t\t\t} else if (win_width < 1500) {\n\t\t\t\tvar slide_width = slider_width \/ 1;\n\t\t\t} else {\n\t\t\t\tvar slide_width = slider_width \/ 1;\n\t\t\t}\n\t\t\tslide_width = Math.round(slide_width);\n\t\t\tvar slide_height = '0';\n\t\t\tif (min_height == 'aspect43') {\n\t\t\t\tslide_height = (slide_width \/ 4) * 3;\t\t\t\tslide_height = Math.round(slide_height);\n\t\t\t} else if (min_height == 'aspect169') {\n\t\t\t\tslide_height = (slide_width \/ 16) * 9;\t\t\t\tslide_height = Math.round(slide_height);\n\t\t\t} else {\n\t\t\t\tslide_height = (slide_width \/ 100) * min_height;\t\t\t\tslide_height = Math.round(slide_height);\n\t\t\t}\n\t\t\tjQuery('#slider_265 .owl-item .sa_hover_container').css('min-height', slide_height+'px');\n\t\t}\n\t\tvar owl_goto = jQuery('#slider_265');\n\t\tjQuery('.slider_265_goto1').click(function(event){\n\t\t\towl_goto.trigger('to.owl.carousel', 0);\n\t\t});\n\t\tjQuery('.slider_265_goto2').click(function(event){\n\t\t\towl_goto.trigger('to.owl.carousel', 1);\n\t\t});\n\t\tjQuery('.slider_265_goto3').click(function(event){\n\t\t\towl_goto.trigger('to.owl.carousel', 2);\n\t\t});\n\t\tjQuery('.slider_265_goto4').click(function(event){\n\t\t\towl_goto.trigger('to.owl.carousel', 3);\n\t\t});\n\t\tjQuery('.slider_265_goto5').click(function(event){\n\t\t\towl_goto.trigger('to.owl.carousel', 4);\n\t\t});\n\t\tjQuery('.slider_265_goto6').click(function(event){\n\t\t\towl_goto.trigger('to.owl.carousel', 5);\n\t\t});\n\t\tjQuery('.slider_265_goto7').click(function(event){\n\t\t\towl_goto.trigger('to.owl.carousel', 6);\n\t\t});\n\t\tjQuery('.slider_265_goto8').click(function(event){\n\t\t\towl_goto.trigger('to.owl.carousel', 7);\n\t\t});\n\t\tjQuery('.slider_265_goto9').click(function(event){\n\t\t\towl_goto.trigger('to.owl.carousel', 8);\n\t\t});\n\t\tvar resize_265 = jQuery('.owl-carousel');\n\t\tresize_265.on('initialized.owl.carousel', function(e) {\n\t\t\twindow.dispatchEvent(new Event('resize'));\n\t\t});\n\t});\n<\/script>\n<\/p>\n<h2>Une solution simple pour faire vos achats<\/h2>\n<p>Vous pouvez vous munir de toutes sortes d\u2019emballages pour faire vos courses : bocaux de verre, bouteilles, bo\u00eetes en m\u00e9tal, \u00ab tup-tups \u00bb, sacs en tissu\u2026 Il est important qu\u2019ils soient bien propres.<\/p>\n<ol>\n<li class=\"texte-gras\">Faites peser vos contenants, nous notons leurs poids dessus.<\/li>\n<li class=\"texte-gras\">Choisissez les produits dont vous avez besoin et la juste quantit\u00e9.<\/li>\n<li class=\"texte-gras\">Faites peser vos achats, nous d\u00e9duisons le poids du contenant.<\/li>\n<li class=\"texte-gras\">\u2026 n&rsquo;oubliez pas votre caddie, cabas ou panier\u2026<\/li>\n<\/ol>\n<p><a href=\"https:\/\/kervrac.fr\/wp-content\/uploads\/2018\/10\/sticker-porte.jpg\"><img loading=\"lazy\" class=\"aligncenter wp-image-276 size-full\" src=\"https:\/\/kervrac.fr\/wp-content\/uploads\/2018\/10\/sticker-porte.jpg\" alt=\"\" width=\"709\" height=\"314\" srcset=\"https:\/\/ho-pongo.bzh\/kervrac\/wp-content\/uploads\/2018\/10\/sticker-porte.jpg 709w, https:\/\/ho-pongo.bzh\/kervrac\/wp-content\/uploads\/2018\/10\/sticker-porte-300x133.jpg 300w, https:\/\/ho-pongo.bzh\/kervrac\/wp-content\/uploads\/2018\/10\/sticker-porte-600x266.jpg 600w\" sizes=\"(max-width: 709px) 100vw, 709px\" \/><\/a><\/p>\n<h2>Une \u00e9picerie de proximit\u00e9<br \/>\nfacile d\u2019acc\u00e8s<\/h2>\n<p><a href=\"https:\/\/kervrac.fr\/wp-content\/uploads\/2018\/11\/plan-pont-l-abbe.jpg\"><img loading=\"lazy\" class=\"wp-image-504 size-thumbnail alignleft\" style=\"font-size: 14.4px;\" src=\"https:\/\/kervrac.fr\/wp-content\/uploads\/2018\/11\/plan-pont-l-abbe-150x150.jpg\" alt=\"\" width=\"150\" height=\"150\" srcset=\"https:\/\/ho-pongo.bzh\/kervrac\/wp-content\/uploads\/2018\/11\/plan-pont-l-abbe-150x150.jpg 150w, https:\/\/ho-pongo.bzh\/kervrac\/wp-content\/uploads\/2018\/11\/plan-pont-l-abbe-300x300.jpg 300w, https:\/\/ho-pongo.bzh\/kervrac\/wp-content\/uploads\/2018\/11\/plan-pont-l-abbe-75x75.jpg 75w, https:\/\/ho-pongo.bzh\/kervrac\/wp-content\/uploads\/2018\/11\/plan-pont-l-abbe-100x100.jpg 100w\" sizes=\"(max-width: 150px) 100vw, 150px\" \/><\/a><\/p>\n<p>Situ\u00e9e pas tr\u00e8s loin de la mairie, proche de la place du march\u00e9, l\u2019\u00e9picerie vrac et sans emballage Ker&rsquo;Vrac est ais\u00e9ment accessible \u00e0 pied et \u00e0 v\u00e9lo. Ceux qui viennent de plus loin en auto appr\u00e9cieront quant \u00e0 eux les nombreux parkings proches du bourg.<\/p>\n<p>Le jeudi matin c&rsquo;est jour de march\u00e9 \u00e0 Pont-l&rsquo;Abb\u00e9. N&rsquo;h\u00e9sitez-pas \u00e0 faire un petit d\u00e9tour pour passer nous voir !<\/p>\n<p>L&rsquo;\u00e9picerie Ker&rsquo;Vrac a ouvert ses portes le samedi 29 septembre 2018.<br \/>\nDepuis janvier 2019, elle est ouverte du mardi au samedi, de 11h \u00e0 19h30. Nous avons pens\u00e9 \u00e0 celles et ceux qui rentrent tard du travail. A bient\u00f4t !<\/p>\n","protected":false},"excerpt":{"rendered":"<p>Ker&rsquo;Vrac est une \u00e9picerie z\u00e9ro d\u00e9chet, g\u00e9n\u00e9raliste, vrac et sans emballage. Elle se trouve 2 rue Jean Le Berre \u00e0 Pont-l&rsquo;Abb\u00e9, capitale du Pays Bigouden. Elle est \u00e0 seulement quelques m\u00e8tres du ch\u00e2teau et du mus\u00e9e bigouden. Du local&#8230; En plein c\u0153ur de ville, Ker&rsquo;Vrac compl\u00e8te l\u2019offre commerciale du bourg de Pont-l\u2019Abb\u00e9. Elle vous propose tous les produits dont vous pouvez avoir besoin pour vous nourrir, prendre soin de vous ou de votre int\u00e9rieur. En poussant la porte, vous trouverez un tr\u00e8s large choix de produits alimentaires, d&rsquo;hygi\u00e8ne ou de m\u00e9nage, sp\u00e9cialement s\u00e9lectionn\u00e9s chez des producteurs locaux ou au plus proche. Nous avons \u00e0 c\u0153ur de vous proposer des produits de qualit\u00e9, bio et de saison. N&rsquo;h\u00e9sitez pas \u00e0 nous suivre sur notre page Facebook Les Amis de Ker&rsquo;Vrac ou \u00e0 vous abonner \u00e0 notre news-letter pour \u00eatre inform\u00e9s des arrivages. Un service de paniers \u00e0 venir chercher \u00e0 la boutique est en cours de pr\u00e9paration. Nous vous en dirons plus utlt\u00e9rieurement. &#8230; au bocal Chez Ker\u2019Vrac, il n\u2019y a pas d\u2019emballages superflus. Il n\u2019y a pas de d\u00e9chets en plastique qui feront d\u00e9border vos poubelles. Nos produits sont propos\u00e9s en vrac, au poids et au juste prix. C\u2019est seulement vous qui amenez les emballages, les contenants\u2026 C\u2019est la mani\u00e8re la plus moderne de faire ses courses, celle qui ne produit pas de d\u00e9chets. Les emballages sont utiles et pratiques, mais les emballages jetables sont une catastrophe pour la plan\u00e8te. La majorit\u00e9 d\u2019entre eux ne sont pas recyclables. Ils sont incin\u00e9r\u00e9s ou finissent dans les oc\u00e9ans. Alors chez Ker\u2019Vrac nous avons choisi une autre mani\u00e8re de faire ses achats. Nous vous proposons d\u2019utiliser des emballages r\u00e9utilisables. C\u2019est une mani\u00e8re respectueuse de l\u2019environnement, de nos enfants. Une solution simple pour faire vos achats Vous pouvez vous munir de toutes sortes d\u2019emballages pour faire vos courses : bocaux de verre, bouteilles, bo\u00eetes en m\u00e9tal, \u00ab tup-tups \u00bb, sacs en tissu\u2026 Il est important qu\u2019ils soient bien propres. Faites peser vos contenants, nous notons leurs poids dessus. Choisissez les produits dont vous avez besoin et la juste quantit\u00e9. Faites peser vos achats, nous d\u00e9duisons le poids du contenant. \u2026 n&rsquo;oubliez pas votre caddie, cabas ou panier\u2026 Une \u00e9picerie de proximit\u00e9 facile d\u2019acc\u00e8s Situ\u00e9e pas tr\u00e8s loin de la mairie, proche de la place du march\u00e9, l\u2019\u00e9picerie vrac et sans emballage Ker&rsquo;Vrac est ais\u00e9ment accessible \u00e0 pied et \u00e0 v\u00e9lo. Ceux qui viennent de plus loin en auto appr\u00e9cieront quant \u00e0 eux les nombreux parkings proches du bourg. Le jeudi matin c&rsquo;est jour de march\u00e9 \u00e0 Pont-l&rsquo;Abb\u00e9. N&rsquo;h\u00e9sitez-pas \u00e0 faire un petit d\u00e9tour pour passer nous voir ! L&rsquo;\u00e9picerie Ker&rsquo;Vrac a ouvert ses portes le samedi 29 septembre 2018. Depuis janvier 2019, elle est ouverte du mardi au samedi, de 11h \u00e0 19h30. Nous avons pens\u00e9 \u00e0 celles et ceux qui rentrent tard du travail. A bient\u00f4t !<\/p>\n","protected":false},"author":1,"featured_media":0,"parent":0,"menu_order":0,"comment_status":"closed","ping_status":"closed","template":"","meta":[],"_links":{"self":[{"href":"https:\/\/ho-pongo.bzh\/kervrac\/wp-json\/wp\/v2\/pages\/42"}],"collection":[{"href":"https:\/\/ho-pongo.bzh\/kervrac\/wp-json\/wp\/v2\/pages"}],"about":[{"href":"https:\/\/ho-pongo.bzh\/kervrac\/wp-json\/wp\/v2\/types\/page"}],"author":[{"embeddable":true,"href":"https:\/\/ho-pongo.bzh\/kervrac\/wp-json\/wp\/v2\/users\/1"}],"replies":[{"embeddable":true,"href":"https:\/\/ho-pongo.bzh\/kervrac\/wp-json\/wp\/v2\/comments?post=42"}],"version-history":[{"count":13,"href":"https:\/\/ho-pongo.bzh\/kervrac\/wp-json\/wp\/v2\/pages\/42\/revisions"}],"predecessor-version":[{"id":974,"href":"https:\/\/ho-pongo.bzh\/kervrac\/wp-json\/wp\/v2\/pages\/42\/revisions\/974"}],"wp:attachment":[{"href":"https:\/\/ho-pongo.bzh\/kervrac\/wp-json\/wp\/v2\/media?parent=42"}],"curies":[{"name":"wp","href":"https:\/\/api.w.org\/{rel}","templated":true}]}}