{"id":84,"date":"2018-07-20T11:38:49","date_gmt":"2018-07-20T09:38:49","guid":{"rendered":"http:\/\/kervrac.fr\/?page_id=84"},"modified":"2019-05-29T20:21:45","modified_gmt":"2019-05-29T18:21:45","slug":"zero-dechet-ou-presque-je-me-lance","status":"publish","type":"page","link":"https:\/\/ho-pongo.bzh\/kervrac\/zero-dechet-ou-presque-je-me-lance\/","title":{"rendered":"Z\u00e9ro-d\u00e9chet ou presque&#8230; <br>je me lance !"},"content":{"rendered":"<p>Nous avons tous \u00e9t\u00e9 effar\u00e9s par la taille de nos poubelles dont les collectivit\u00e9s peinent \u00e0 traiter le contenu. Nous avons \u00e9t\u00e9 d\u00e9go\u00fbt\u00e9s par ces continents de plastique qui flottent \u00e0 la surface des oc\u00e9ans, par ces d\u00e9chets parfois m\u00e9connaissables que l&rsquo;on retrouve sur nos plages.\u00a0<\/p>\n<p>Enlever de notre environnement tous ces produits abandonn\u00e9s, souvent toxiques pour la faune, la flore et le sol prendra des ann\u00e9es, si les Etats s&rsquo;en donnent la peine. Mais comme le dit avec raison B\u00e9a Johnson, \u00ab\u00a0le meilleur d\u00e9chet est celui qui n&rsquo;existe pas\u00a0\u00bb.<\/p>\n<p>Il est \u00e0 la port\u00e9e de chacun d&rsquo;agir pour r\u00e9duire cette pollution. Mais la t\u00e2che para\u00eet immense et on a de la peine \u00e0 savoir par quel bout commencer&#8230;<\/p>\n<p>Aller vers le z\u00e9ro d\u00e9chet est toute une aventure.\u00a0 On peut avoir peur de faire les mauvais choix, de se tromper, d&rsquo;\u00eatre jug\u00e9&#8230; Bien s\u00fbr, tout ne se fait pas en un jour. Cela demande de l&rsquo;organisation et parfois de bons conseils.<\/p>\n<p>C&rsquo;est pour vous aider dans cette d\u00e9marche que nous avons d\u00e9cid\u00e9 d&rsquo;organiser des ateliers pratiques \u00e0 l&rsquo;\u00e9tage de la boutique. R\u00e9guli\u00e8rement nous vous proposerons des s\u00e9ances d&rsquo;initiation collaboratives. N&rsquo;h\u00e9sitez pas \u00e0 pousser la porte&#8230;<\/p>\n<p>Et pour \u00eatre r\u00e9guli\u00e8rement inform\u00e9s des activit\u00e9s, suivez nous sur notre page Facebook <a href=\"https:\/\/www.facebook.com\/KerVrac\/\">Les amis de Ker&rsquo;Vrac<\/a> ou <a href=\"https:\/\/kervrac.fr\/index.php\/sabonner-a-la-lettre-dinformation\/\">abonnez-vous \u00e0 notre info-lettre.<\/a><\/p>\n","protected":false},"excerpt":{"rendered":"<p>Nous avons tous \u00e9t\u00e9 effar\u00e9s par la taille de nos poubelles dont les collectivit\u00e9s peinent \u00e0 traiter le contenu. Nous avons \u00e9t\u00e9 d\u00e9go\u00fbt\u00e9s par ces continents de plastique qui flottent \u00e0 la surface des oc\u00e9ans, par ces d\u00e9chets parfois m\u00e9connaissables que l&rsquo;on retrouve sur nos plages.\u00a0 Enlever de notre environnement tous ces produits abandonn\u00e9s, souvent toxiques pour la faune, la flore et le sol prendra des ann\u00e9es, si les Etats s&rsquo;en donnent la peine. Mais comme le dit avec raison B\u00e9a Johnson, \u00ab\u00a0le meilleur d\u00e9chet est celui qui n&rsquo;existe pas\u00a0\u00bb. Il est \u00e0 la port\u00e9e de chacun d&rsquo;agir pour r\u00e9duire cette pollution. Mais la t\u00e2che para\u00eet immense et on a de la peine \u00e0 savoir par quel bout commencer&#8230; Aller vers le z\u00e9ro d\u00e9chet est toute une aventure.\u00a0 On peut avoir peur de faire les mauvais choix, de se tromper, d&rsquo;\u00eatre jug\u00e9&#8230; Bien s\u00fbr, tout ne se fait pas en un jour. Cela demande de l&rsquo;organisation et parfois de bons conseils. C&rsquo;est pour vous aider dans cette d\u00e9marche que nous avons d\u00e9cid\u00e9 d&rsquo;organiser des ateliers pratiques \u00e0 l&rsquo;\u00e9tage de la boutique. R\u00e9guli\u00e8rement nous vous proposerons des s\u00e9ances d&rsquo;initiation collaboratives. N&rsquo;h\u00e9sitez pas \u00e0 pousser la porte&#8230; Et pour \u00eatre r\u00e9guli\u00e8rement inform\u00e9s des activit\u00e9s, suivez nous sur notre page Facebook Les amis de Ker&rsquo;Vrac ou abonnez-vous \u00e0 notre info-lettre.<\/p>\n","protected":false},"author":2,"featured_media":0,"parent":0,"menu_order":0,"comment_status":"closed","ping_status":"closed","template":"","meta":[],"_links":{"self":[{"href":"https:\/\/ho-pongo.bzh\/kervrac\/wp-json\/wp\/v2\/pages\/84"}],"collection":[{"href":"https:\/\/ho-pongo.bzh\/kervrac\/wp-json\/wp\/v2\/pages"}],"about":[{"href":"https:\/\/ho-pongo.bzh\/kervrac\/wp-json\/wp\/v2\/types\/page"}],"author":[{"embeddable":true,"href":"https:\/\/ho-pongo.bzh\/kervrac\/wp-json\/wp\/v2\/users\/2"}],"replies":[{"embeddable":true,"href":"https:\/\/ho-pongo.bzh\/kervrac\/wp-json\/wp\/v2\/comments?post=84"}],"version-history":[{"count":8,"href":"https:\/\/ho-pongo.bzh\/kervrac\/wp-json\/wp\/v2\/pages\/84\/revisions"}],"predecessor-version":[{"id":1007,"href":"https:\/\/ho-pongo.bzh\/kervrac\/wp-json\/wp\/v2\/pages\/84\/revisions\/1007"}],"wp:attachment":[{"href":"https:\/\/ho-pongo.bzh\/kervrac\/wp-json\/wp\/v2\/media?parent=84"}],"curies":[{"name":"wp","href":"https:\/\/api.w.org\/{rel}","templated":true}]}}