{"id":90,"date":"2018-07-20T11:47:47","date_gmt":"2018-07-20T09:47:47","guid":{"rendered":"http:\/\/kervrac.fr\/?page_id=90"},"modified":"2019-03-13T09:48:23","modified_gmt":"2019-03-13T08:48:23","slug":"des-partenaires-de-proximite-pour-des-produits-de-qualite","status":"publish","type":"page","link":"https:\/\/ho-pongo.bzh\/kervrac\/des-partenaires-de-proximite-pour-des-produits-de-qualite\/","title":{"rendered":"Des partenaires de proximit\u00e9 <br>pour des produits de qualit\u00e9"},"content":{"rendered":"<p>Chez Ker&rsquo;Vrac nous choisissons de nous fournir en favorisant les producteurs locaux et bio. Le transport de marchandises est un facteur important du r\u00e9chauffement climatique. Manger et consommer local contribue \u00e0 r\u00e9duire son propre impact carbone.<\/p>\n<p>Consommer local, c&rsquo;est \u00eatre acteur et participer au dynamisme \u00e9conomique de sa r\u00e9gion, de sa commune. Ainsi, on encourage l&#8217;emploi \u00e0 c\u00f4t\u00e9 de chez soi. Comme \u00e9voqu\u00e9 par le permaculteur Rob Hopkins dans son \u00ab\u00a0Manuel de transition\u00a0\u00bb, nous donnons \u00e0 notre argent la chance de pouvoir \u00eatre r\u00e9investi \u00e0 proximit\u00e9 et de s&rsquo;inscrire dans le cercle vertueux de l&rsquo;\u00e9change.<\/p>\n<p>Bien s\u00fbr, certains produits comme le riz, l&rsquo;huile d&rsquo;olive ou le caf\u00e9 ne viennent pas de Bretagne. Dans ce cas nous privil\u00e9gions les importateurs locaux nous garantissant des produits \u00e9quitables. Si vous \u00eates producteur et souhaitez \u00eatre distribu\u00e9 dans notre boutique, veuillez utiliser notre\u00a0<a href=\"https:\/\/kervrac.fr\/contact\/\">formulaire de contact<\/a>.<\/p>\n<h2>Nos fournisseurs<\/h2>\n<ul>\n<li><strong>Natur<\/strong><br \/>\nSaint Jean Trolimon, Finist\u00e8re<br \/>\n<em>Produits :<\/em><br \/>\nSavons<\/li>\n<li><strong>Aux ptits bonheurs les choses simple<\/strong><br \/>\nQuimper, Finist\u00e8re<br \/>\n<em>Produits :<\/em><br \/>\nCr\u00e9ations couture<\/li>\n<li><strong>Begood Alg<\/strong><br \/>\nQuimper, Finist\u00e8re<br \/>\n<em>Produits :<\/em><br \/>\nAlgues et pr\u00e9parations \u00e0 base d&rsquo;algues<\/li>\n<li><strong>Brasserie du Bout du Monde<\/strong><br \/>\nLe Faou, Finist\u00e8re<br \/>\n<em>Produits :<\/em><br \/>\nBi\u00e8res<\/li>\n<li><strong>Aux ch&rsquo;tiots legumes<\/strong><br \/>\n<strong>Denise Carpentier<\/strong><br \/>\nTreguennec, Finist\u00e8re<br \/>\n<em>Produits :<\/em><br \/>\nL\u00e9gumes<\/li>\n<li><strong>Chemins de Traverse<\/strong><br \/>\nGuengat, Finist\u00e8re<br \/>\n<em>Produits :<\/em><br \/>\nPr\u00e9parations \u00e0 base de fleurs et plantes<\/li>\n<li><strong>Domaine du B\u00fbchon<br \/>\n<\/strong>Langast, C\u00f4tes-d&rsquo;Armor<strong><br \/>\n<\/strong><em>Produit :\u00a0<\/em><em style=\"font-size: 0.9rem;\"><br \/>\n<\/em>S\u00e8ve de bouleau<\/li>\n<li><strong>Ferme de Quelourdec<\/strong><br \/>\nPont-l&rsquo;Abb\u00e9, Finist\u00e8re<br \/>\n<em>Produits :<\/em><br \/>\nL\u00e9gumes<\/li>\n<li><strong>J&rsquo;aime mes dents<\/strong><br \/>\nAngers,\u00a0Anjou<br \/>\n<em>Produits :<\/em><br \/>\nBrosses \u00e0 dents<\/li>\n<\/ul>\n<ul>\n<li><strong>Le Champ des possibles<\/strong><br \/>\nPloneour-Lanvern, Finist\u00e8re<br \/>\n<em>Produits :<\/em><br \/>\nL\u00e9gumes, tisanes<\/li>\n<li><strong>Les Essentiels<\/strong><br \/>\nSaint-Cannat, Provence<br \/>\n<em>Produits :<\/em><br \/>\nCosm\u00e9tiques<\/li>\n<li><strong>O.K. Original Kombucha<\/strong><br \/>\nPloneour-Lanvern, Finist\u00e8re<br \/>\n<em>Produits :<\/em><br \/>\nKombucha<\/li>\n<li><strong>Olympia Express<\/strong><br \/>\nPloemeur, Morbihan<br \/>\n<em>Produits :<\/em><br \/>\nHuiles, olives<\/li>\n<li><strong>Parole de pain<\/strong><br \/>\nPont-l&rsquo;Abb\u00e9, Finist\u00e8re<br \/>\n<em>Produits :<\/em><br \/>\nPain<\/li>\n<li><strong>Beendhi<\/strong><br \/>\n\u00cele-de-France<br \/>\n<em>Produits :<\/em><br \/>\nRiz, pr\u00eats-\u00e0-cuisiner<\/li>\n<li><strong>Symbiose Reims<\/strong><br \/>\nReims, Champagne<br \/>\n<em>Produits :<\/em><br \/>\nLessives bio<\/li>\n<li><strong>Terra Kahwa<\/strong><br \/>\nGoncelin, Dauphin\u00e9<br \/>\n<em>Produits :<\/em><br \/>\nCaf\u00e9s<\/li>\n<\/ul>\n","protected":false},"excerpt":{"rendered":"<p>Chez Ker&rsquo;Vrac nous choisissons de nous fournir en favorisant les producteurs locaux et bio. Le transport de marchandises est un facteur important du r\u00e9chauffement climatique. Manger et consommer local contribue \u00e0 r\u00e9duire son propre impact carbone. Consommer local, c&rsquo;est \u00eatre acteur et participer au dynamisme \u00e9conomique de sa r\u00e9gion, de sa commune. Ainsi, on encourage l&#8217;emploi \u00e0 c\u00f4t\u00e9 de chez soi. Comme \u00e9voqu\u00e9 par le permaculteur Rob Hopkins dans son \u00ab\u00a0Manuel de transition\u00a0\u00bb, nous donnons \u00e0 notre argent la chance de pouvoir \u00eatre r\u00e9investi \u00e0 proximit\u00e9 et de s&rsquo;inscrire dans le cercle vertueux de l&rsquo;\u00e9change. Bien s\u00fbr, certains produits comme le riz, l&rsquo;huile d&rsquo;olive ou le caf\u00e9 ne viennent pas de Bretagne. Dans ce cas nous privil\u00e9gions les importateurs locaux nous garantissant des produits \u00e9quitables. Si vous \u00eates producteur et souhaitez \u00eatre distribu\u00e9 dans notre boutique, veuillez utiliser notre\u00a0formulaire de contact. Nos fournisseurs Natur Saint Jean Trolimon, Finist\u00e8re Produits : Savons Aux ptits bonheurs les choses simple Quimper, Finist\u00e8re Produits : Cr\u00e9ations couture Begood Alg Quimper, Finist\u00e8re Produits : Algues et pr\u00e9parations \u00e0 base d&rsquo;algues Brasserie du Bout du Monde Le Faou, Finist\u00e8re Produits : Bi\u00e8res Aux ch&rsquo;tiots legumes Denise Carpentier Treguennec, Finist\u00e8re Produits : L\u00e9gumes Chemins de Traverse Guengat, Finist\u00e8re Produits : Pr\u00e9parations \u00e0 base de fleurs et plantes Domaine du B\u00fbchon Langast, C\u00f4tes-d&rsquo;Armor Produit :\u00a0 S\u00e8ve de bouleau Ferme de Quelourdec Pont-l&rsquo;Abb\u00e9, Finist\u00e8re Produits : L\u00e9gumes J&rsquo;aime mes dents Angers,\u00a0Anjou Produits : Brosses \u00e0 dents Le Champ des possibles Ploneour-Lanvern, Finist\u00e8re Produits : L\u00e9gumes, tisanes Les Essentiels Saint-Cannat, Provence Produits : Cosm\u00e9tiques O.K. Original Kombucha Ploneour-Lanvern, Finist\u00e8re Produits : Kombucha Olympia Express Ploemeur, Morbihan Produits : Huiles, olives Parole de pain Pont-l&rsquo;Abb\u00e9, Finist\u00e8re Produits : Pain Beendhi \u00cele-de-France Produits : Riz, pr\u00eats-\u00e0-cuisiner Symbiose Reims Reims, Champagne Produits : Lessives bio Terra Kahwa Goncelin, Dauphin\u00e9 Produits : Caf\u00e9s<\/p>\n","protected":false},"author":2,"featured_media":0,"parent":0,"menu_order":0,"comment_status":"closed","ping_status":"closed","template":"","meta":[],"_links":{"self":[{"href":"https:\/\/ho-pongo.bzh\/kervrac\/wp-json\/wp\/v2\/pages\/90"}],"collection":[{"href":"https:\/\/ho-pongo.bzh\/kervrac\/wp-json\/wp\/v2\/pages"}],"about":[{"href":"https:\/\/ho-pongo.bzh\/kervrac\/wp-json\/wp\/v2\/types\/page"}],"author":[{"embeddable":true,"href":"https:\/\/ho-pongo.bzh\/kervrac\/wp-json\/wp\/v2\/users\/2"}],"replies":[{"embeddable":true,"href":"https:\/\/ho-pongo.bzh\/kervrac\/wp-json\/wp\/v2\/comments?post=90"}],"version-history":[{"count":18,"href":"https:\/\/ho-pongo.bzh\/kervrac\/wp-json\/wp\/v2\/pages\/90\/revisions"}],"predecessor-version":[{"id":968,"href":"https:\/\/ho-pongo.bzh\/kervrac\/wp-json\/wp\/v2\/pages\/90\/revisions\/968"}],"wp:attachment":[{"href":"https:\/\/ho-pongo.bzh\/kervrac\/wp-json\/wp\/v2\/media?parent=90"}],"curies":[{"name":"wp","href":"https:\/\/api.w.org\/{rel}","templated":true}]}}